{"id":7367,"date":"2022-10-04T08:21:43","date_gmt":"2022-10-04T08:21:43","guid":{"rendered":"https:\/\/www.chiesifoundation.org\/politique-relative-aux-cookies\/"},"modified":"2025-11-03T13:50:12","modified_gmt":"2025-11-03T13:50:12","slug":"politique-relative-aux-cookies","status":"publish","type":"page","link":"https:\/\/www.paolochiesifoundation.org\/fr\/politique-relative-aux-cookies\/","title":{"rendered":"Politique relative aux cookies"},"content":{"rendered":"<div class=\"fusion-fullwidth fullwidth-box fusion-builder-row-1 fusion-flex-container has-pattern-background has-mask-background nonhundred-percent-fullwidth non-hundred-percent-height-scrolling\" style=\"--awb-border-radius-top-left:0px;--awb-border-radius-top-right:0px;--awb-border-radius-bottom-right:0px;--awb-border-radius-bottom-left:0px;--awb-flex-wrap:wrap;\" ><div class=\"fusion-builder-row fusion-row fusion-flex-align-items-flex-start fusion-flex-content-wrap\" style=\"max-width:1216.8px;margin-left: calc(-4% \/ 2 );margin-right: calc(-4% \/ 2 );\"><div class=\"fusion-layout-column fusion_builder_column fusion-builder-column-0 fusion_builder_column_1_1 1_1 fusion-flex-column\" style=\"--awb-bg-size:cover;--awb-width-large:100%;--awb-margin-top-large:45px;--awb-spacing-right-large:1.92%;--awb-margin-bottom-large:20px;--awb-spacing-left-large:1.92%;--awb-width-medium:100%;--awb-order-medium:0;--awb-spacing-right-medium:1.92%;--awb-spacing-left-medium:1.92%;--awb-width-small:100%;--awb-order-small:0;--awb-spacing-right-small:1.92%;--awb-spacing-left-small:1.92%;\"><div class=\"fusion-column-wrapper fusion-column-has-shadow fusion-flex-justify-content-flex-start fusion-content-layout-column\"><div class=\"fusion-text fusion-text-1\"><h3>Politique de cookies de paolochiesifoundation.org<\/h3>\n<p>Les cookies sont des donn\u00e9es envoy\u00e9es par un site web et stock\u00e9es dans la m\u00e9moire de votre navigateur. Ils peuvent \u00eatre n\u00e9cessaires au bon fonctionnement d&rsquo;un site web, car les sites web sont sans \u00e9tat (ils ne conservent pas les informations de l&rsquo;utilisateur d&rsquo;une page interne \u00e0 l&rsquo;autre). Cependant, les cookies sont parfois utilis\u00e9s pour suivre les actions de l&rsquo;utilisateur au sein d&rsquo;un m\u00eame site web ou sur plusieurs sites afin de collecter des informations d&rsquo;utilisation, d&rsquo;identifier les centres d&rsquo;int\u00e9r\u00eat et de cartographier les comportements pour proposer des publicit\u00e9s pertinentes. Lorsque les sites web utilisent la plateforme de gestion du consentement Acconsento.click, ils vous proposent de\u2026<br \/>\nLa possibilit\u00e9 d&rsquo;autoriser ou de refuser certaines cat\u00e9gories de cookies contribue \u00e0 prot\u00e9ger votre vie priv\u00e9e. Vous trouverez ci-dessous une description des <strong>cat\u00e9gories de cookies les plus courantes&nbsp;:<\/strong> <\/p>\n<h4><strong>Cookies n\u00e9cessaires<\/strong><\/h4>\n<p>Les cookies n\u00e9cessaires sont indispensables au bon fonctionnement d&rsquo;un site web. Ils ne servent g\u00e9n\u00e9ralement pas au suivi des utilisateurs et ne sont pas partag\u00e9s entre les sites. L&rsquo;action la plus courante effectu\u00e9e gr\u00e2ce \u00e0 un cookie est l&rsquo;authentification de l&rsquo;utilisateur. Lorsque vous acc\u00e9dez \u00e0 un site web, votre navigateur d\u00e9pose un cookie.<x id=\"gid_0\"><\/x> Ce cookie stocke des donn\u00e9es permettant au site web de m\u00e9moriser votre connexion lorsque vous naviguez vers une autre page interne ou actualisez la page. Les cookies servent \u00e9galement \u00e0 informer le site du contenu de votre panier, \u00e0 optimiser la r\u00e9partition de charge, et bien plus encore.   <\/p>\n<h4><strong>Cookies internes<\/strong><\/h4>\n<p>Les cookies internes permettent au site web de m\u00e9moriser des informations afin de personnaliser son apparence ou son comportement pour chaque utilisateur. Cela peut inclure la m\u00e9morisation de la devise, de la r\u00e9gion, de la langue ou du th\u00e8me de couleurs s\u00e9lectionn\u00e9. <\/p>\n<h4><strong>Cookies de suivi<\/strong><\/h4>\n<p>Les cookies de suivi ne sont pas indispensables, mais ils permettent de recueillir des informations pr\u00e9cieuses sur l&rsquo;utilisation d&rsquo;un site web, d&rsquo;identifier les probl\u00e8mes et de comprendre les points \u00e0 am\u00e9liorer ainsi que le contenu utile. Les informations recueillies sont g\u00e9n\u00e9ralement anonymes, mais certains services d&rsquo;analyse peuvent les utiliser.<br \/>\n recueillir des informations permettant d&rsquo;identifier l&rsquo;utilisateur. <\/p>\n<h4><strong>Cookies marketing<\/strong><\/h4>\n<p>Les cookies marketing servent \u00e0 suivre les visiteurs sur diff\u00e9rents sites web afin de permettre aux \u00e9diteurs d&rsquo;afficher des publicit\u00e9s pertinentes et attrayantes. Ce site utilise diff\u00e9rents types de cookies&nbsp;; vous pouvez modifier ou retirer votre consentement \u00e0 tout moment.<x id=\"gid_0\"><\/x> La loi nous autorise \u00e0 stocker des cookies sur votre appareil s&rsquo;ils sont strictement n\u00e9cessaires au fonctionnement de ce site web. Pour tous les autres types de cookies, votre consentement explicite est requis.<br \/>\n Cela signifie que les cookies consid\u00e9r\u00e9s comme n\u00e9cessaires sont trait\u00e9s conform\u00e9ment \u00e0 l&rsquo;article 6, paragraphe 1, point f), \u00ab Lic\u00e9it\u00e9 du traitement \u00bb du RGPD. Tous les autres cookies, notamment ceux appartenant aux cat\u00e9gories \u00ab cookies internes \u00bb et \u00ab cookies marketing \u00bb, ne seront activ\u00e9s qu&rsquo;avec votre consentement explicite.<x id=\"gid_2\"><\/x> Ce site utilise diff\u00e9rents types de cookies. Certains cookies peuvent \u00eatre li\u00e9s \u00e0 des services tiers pr\u00e9sents sur nos pages.<x id=\"gid_3\"><\/x> Vous pouvez modifier ou retirer votre consentement \u00e0 tout moment via la section Gestion des cookies.<x id=\"gid_4\"><\/x> Gestionnaire de cookies, situ\u00e9 dans le centre de contr\u00f4le de la confidentialit\u00e9 et toujours accessible lors de la navigation via le \u00ab cadenas de confidentialit\u00e9 \u00bb.<x id=\"gid_5\"><\/x> Toujours depuis le centre de contr\u00f4le, vous pouvez obtenir plus d&rsquo;informations sur la mani\u00e8re dont nous traitons vos donn\u00e9es personnelles en consultant notre politique de confidentialit\u00e9 dans la section \u00ab&nbsp;Politique de confidentialit\u00e9&nbsp;\u00bb.<x id=\"gid_6\"><\/x> Afficher les informations. Veuillez pr\u00e9ciser votre identifiant de consentement et la date \u00e0 laquelle vous nous avez contact\u00e9s concernant votre consentement.     <\/p>\n<p><strong>__Secure-ENID<br \/>\n<\/strong> <em>Ciblage\/Publicit\u00e9<\/em><\/p>\n<p>Ce domaine appartient \u00e0 Google Inc. Bien que Google soit principalement connu comme moteur de recherche, l&rsquo;entreprise propose une gamme diversifi\u00e9e de produits et services. Sa principale source de revenus reste cependant la publicit\u00e9. Google suit de pr\u00e8s les utilisateurs, \u00e0 la fois via ses propres produits et sites, et gr\u00e2ce aux nombreuses technologies int\u00e9gr\u00e9es \u00e0 des millions de sites web \u00e0 travers le monde. L&rsquo;entreprise utilise les donn\u00e9es collect\u00e9es par la plupart de ces services pour \u00e9tablir des profils d&rsquo;int\u00e9r\u00eats des internautes et vendre des espaces publicitaires aux entreprises en fonction de ces profils, tout en adaptant les publicit\u00e9s au contenu des pages o\u00f9 elles apparaissent.    <\/p>\n<p><strong>_G\u00e9orgie<br \/>\n<\/strong> <em>Performance<\/em><\/p>\n<p>Ce nom de cookie est associ\u00e9 \u00e0 Google Universal Analytics, qui constitue une mise \u00e0 jour importante du service d&amp;#39;analyse Google le plus couramment utilis\u00e9.<br \/>\n Ce cookie permet de distinguer les utilisateurs uniques en leur attribuant un num\u00e9ro g\u00e9n\u00e9r\u00e9 al\u00e9atoirement comme identifiant client. Il est inclus dans chaque requ\u00eate de page du site et sert \u00e0 calculer les donn\u00e9es relatives aux visiteurs, aux sessions et aux campagnes pour les rapports d&amp;#39;analyse du site. Par d\u00e9faut, sa dur\u00e9e de vie est de deux ans, mais les propri\u00e9taires du site peuvent la personnaliser. Pour plus d&amp;#39;informations sur le traitement de vos donn\u00e9es personnelles par Google, veuillez consulter la page <a href=\"https:\/\/business.safety.google\/privacy\/\">\u00ab&nbsp;Confidentialit\u00e9 et conditions d&amp;#39;utilisation&nbsp;\u00bb<\/a> de Google <a>.<\/a>   <\/p>\n<p><strong><a>_ga_ZC0EQJM1V6<br \/>\n<\/a><\/strong> <em><a>Performance<\/a><\/em><\/p>\n<p><a>Utilis\u00e9 par Google Analytics pour identifier et suivre une session individuelle avec votre appareil.<\/a><\/p>\n<p><a><strong>_icl_visiteur_lang_js<br \/>\n<\/strong><\/a> <em><a>Fonctionnalit\u00e9<\/a><\/em><\/p>\n<p><a>Ce cookie est utilis\u00e9 pour enregistrer la pr\u00e9f\u00e9rence linguistique d&rsquo;un utilisateur afin de fournir du contenu dans cette langue lors de sa prochaine visite sur le site web.<\/a><\/p>\n<p><a><strong>wp-wpml_langue_actuelle<br \/>\n<\/strong><\/a> <a><em>Fonctionnalit\u00e9<\/em><\/a><\/p>\n<p><a>Ce cookie sert \u00e0 m\u00e9moriser la langue actuelle de l&rsquo;utilisateur du site. Il est g\u00e9n\u00e9ralement associ\u00e9 \u00e0 l&rsquo;extension WordPress WPML, utilis\u00e9e pour g\u00e9rer les sites web multilingues. <\/a><\/p>\n<p><a><strong>test de redirection du navigateur wpml<br \/>\n<\/strong><\/a> <a><em>Fonctionnalit\u00e9<\/em><\/a><\/p>\n<p><a>Ce cookie est associ\u00e9 au plugin WordPress WPML, utilis\u00e9 pour g\u00e9rer les sites web multilingues.<\/a><\/p>\n<p><strong><a>INFORMATIONS_VISITEUR1_EN DIRECT<br \/>\n<\/a><\/strong> <a><em>Ciblage\/Publicit\u00e9<\/em><\/a><\/p>\n<p><a>YouTube est une plateforme appartenant \u00e0 Google permettant d&rsquo;h\u00e9berger et de partager des vid\u00e9os. YouTube collecte des donn\u00e9es utilisateur via les vid\u00e9os int\u00e9gr\u00e9es aux sites web, donn\u00e9es qui sont agr\u00e9g\u00e9es avec les donn\u00e9es de profil provenant d&rsquo;autres services Google afin d&rsquo;afficher des publicit\u00e9s cibl\u00e9es aux internautes sur un large \u00e9ventail de sites web, aussi bien les siens que ceux d&rsquo;autres sites.<br \/>\n<\/a><\/p>\n<p><a><strong>M\u00c9TADONN\u00c9ES DE CONFIDENTIALIT\u00c9 DES VISITEURS<br \/>\n<\/strong><\/a> <a><em>Ciblage\/Publicit\u00e9<\/em><\/a><\/p>\n<p><a>YouTube est une plateforme appartenant \u00e0 Google permettant d&rsquo;h\u00e9berger et de partager des vid\u00e9os. YouTube collecte des donn\u00e9es utilisateur via les vid\u00e9os int\u00e9gr\u00e9es aux sites web, donn\u00e9es qui sont agr\u00e9g\u00e9es avec les donn\u00e9es de profil provenant d&rsquo;autres services Google afin d&rsquo;afficher des publicit\u00e9s cibl\u00e9es aux internautes sur un large \u00e9ventail de sites web, aussi bien les siens que ceux d&rsquo;autres sites.<br \/>\n<\/a><\/p>\n<p><a><strong>YSC<br \/>\n<\/strong><\/a> <a><em>Ciblage\/Publicit\u00e9<\/em><\/a><\/p>\n<p><a>YouTube est une plateforme appartenant \u00e0 Google permettant d&rsquo;h\u00e9berger et de partager des vid\u00e9os. YouTube collecte des donn\u00e9es utilisateur via les vid\u00e9os int\u00e9gr\u00e9es aux sites web, donn\u00e9es qui sont agr\u00e9g\u00e9es avec les donn\u00e9es de profil provenant d&rsquo;autres services Google afin d&rsquo;afficher des publicit\u00e9s cibl\u00e9es aux visiteurs sur un large \u00e9ventail de plateformes, les leurs et celles de Google.<br \/>\n<\/a><\/p>\n<p><a><strong>__Secure-ROLLOUT_TOKE<br \/>\n<\/strong><\/a> <a><em>Ciblage\/Publicit\u00e9<\/em><\/a><\/p>\n<p><a>YouTube est une plateforme appartenant \u00e0 Google permettant d&rsquo;h\u00e9berger et de partager des vid\u00e9os. YouTube collecte des donn\u00e9es utilisateur via les vid\u00e9os int\u00e9gr\u00e9es aux sites web, donn\u00e9es qui sont agr\u00e9g\u00e9es avec les donn\u00e9es de profil provenant d&rsquo;autres services Google afin d&rsquo;afficher des publicit\u00e9s cibl\u00e9es aux internautes sur un large \u00e9ventail de sites web, aussi bien les siens que ceux d&rsquo;autres sites.<br \/>\n<\/a><\/p>\n<p><a><strong>__Secure-YNID<br \/>\n<\/strong><\/a> <a><em>Ciblage\/Publicit\u00e9<\/em><\/a><\/p>\n<p><a>YouTube est une plateforme appartenant \u00e0 Google permettant d&rsquo;h\u00e9berger et de partager des vid\u00e9os. YouTube collecte des donn\u00e9es utilisateur via les vid\u00e9os int\u00e9gr\u00e9es aux sites web, donn\u00e9es qui sont agr\u00e9g\u00e9es avec les donn\u00e9es de profil provenant d&rsquo;autres services Google afin d&rsquo;afficher des publicit\u00e9s cibl\u00e9es aux internautes sur un large \u00e9ventail de sites web, aussi bien les siens que ceux d&rsquo;autres sites. <\/a><\/p>\n<\/div><\/div><\/div><\/div><\/div>\n","protected":false},"excerpt":{"rendered":"","protected":false},"author":1,"featured_media":0,"parent":0,"menu_order":0,"comment_status":"closed","ping_status":"closed","template":"100-width.php","meta":{"footnotes":""},"class_list":["post-7367","page","type-page","status-publish","hentry"],"yoast_head":"<!-- This site is optimized with the Yoast SEO plugin v27.5 - https:\/\/yoast.com\/product\/yoast-seo-wordpress\/ -->\n<title>Politique relative aux cookies - Paolo Chiesi Foundation<\/title>\n<meta name=\"robots\" content=\"index, follow, max-snippet:-1, max-image-preview:large, max-video-preview:-1\" \/>\n<link rel=\"canonical\" href=\"https:\/\/www.paolochiesifoundation.org\/fr\/politique-relative-aux-cookies\/\" \/>\n<meta property=\"og:locale\" content=\"fr_FR\" \/>\n<meta property=\"og:type\" content=\"article\" \/>\n<meta property=\"og:title\" content=\"Politique relative aux cookies - Paolo Chiesi Foundation\" \/>\n<meta property=\"og:url\" content=\"https:\/\/www.paolochiesifoundation.org\/fr\/politique-relative-aux-cookies\/\" \/>\n<meta property=\"og:site_name\" content=\"Paolo Chiesi Foundation\" \/>\n<meta property=\"article:publisher\" content=\"https:\/\/www.facebook.com\/Chiesi.Foundation\/\" \/>\n<meta property=\"article:modified_time\" content=\"2025-11-03T13:50:12+00:00\" \/>\n<meta property=\"og:image\" content=\"https:\/\/www.paolochiesifoundation.org\/wp-content\/uploads\/2025\/09\/PCF-logo-pos-e1758787716100.png\" \/>\n\t<meta property=\"og:image:width\" content=\"1815\" \/>\n\t<meta property=\"og:image:height\" content=\"1145\" \/>\n\t<meta property=\"og:image:type\" content=\"image\/png\" \/>\n<meta name=\"twitter:card\" content=\"summary_large_image\" \/>\n<meta name=\"twitter:label1\" content=\"Dur\u00e9e de lecture estim\u00e9e\" \/>\n\t<meta name=\"twitter:data1\" content=\"11 minutes\" \/>\n<script type=\"application\/ld+json\" class=\"yoast-schema-graph\">{\"@context\":\"https:\\\/\\\/schema.org\",\"@graph\":[{\"@type\":\"WebPage\",\"@id\":\"https:\\\/\\\/www.paolochiesifoundation.org\\\/fr\\\/politique-relative-aux-cookies\\\/\",\"url\":\"https:\\\/\\\/www.paolochiesifoundation.org\\\/fr\\\/politique-relative-aux-cookies\\\/\",\"name\":\"Politique relative aux cookies - Paolo Chiesi Foundation\",\"isPartOf\":{\"@id\":\"https:\\\/\\\/www.paolochiesifoundation.org\\\/fr\\\/#website\"},\"datePublished\":\"2022-10-04T08:21:43+00:00\",\"dateModified\":\"2025-11-03T13:50:12+00:00\",\"breadcrumb\":{\"@id\":\"https:\\\/\\\/www.paolochiesifoundation.org\\\/fr\\\/politique-relative-aux-cookies\\\/#breadcrumb\"},\"inLanguage\":\"fr-FR\",\"potentialAction\":[{\"@type\":\"ReadAction\",\"target\":[\"https:\\\/\\\/www.paolochiesifoundation.org\\\/fr\\\/politique-relative-aux-cookies\\\/\"]}]},{\"@type\":\"BreadcrumbList\",\"@id\":\"https:\\\/\\\/www.paolochiesifoundation.org\\\/fr\\\/politique-relative-aux-cookies\\\/#breadcrumb\",\"itemListElement\":[{\"@type\":\"ListItem\",\"position\":1,\"name\":\"Home\",\"item\":\"https:\\\/\\\/www.paolochiesifoundation.org\\\/fr\\\/\"},{\"@type\":\"ListItem\",\"position\":2,\"name\":\"Politique relative aux cookies\"}]},{\"@type\":\"WebSite\",\"@id\":\"https:\\\/\\\/www.paolochiesifoundation.org\\\/fr\\\/#website\",\"url\":\"https:\\\/\\\/www.paolochiesifoundation.org\\\/fr\\\/\",\"name\":\"Paolo Chiesi Foundation\",\"description\":\"La salute \u00e8 un diritto di tutti\",\"publisher\":{\"@id\":\"https:\\\/\\\/www.paolochiesifoundation.org\\\/fr\\\/#organization\"},\"potentialAction\":[{\"@type\":\"SearchAction\",\"target\":{\"@type\":\"EntryPoint\",\"urlTemplate\":\"https:\\\/\\\/www.paolochiesifoundation.org\\\/fr\\\/?s={search_term_string}\"},\"query-input\":{\"@type\":\"PropertyValueSpecification\",\"valueRequired\":true,\"valueName\":\"search_term_string\"}}],\"inLanguage\":\"fr-FR\"},{\"@type\":\"Organization\",\"@id\":\"https:\\\/\\\/www.paolochiesifoundation.org\\\/fr\\\/#organization\",\"name\":\"Fondation Paolo Chiesi\",\"url\":\"https:\\\/\\\/www.paolochiesifoundation.org\\\/fr\\\/\",\"logo\":{\"@type\":\"ImageObject\",\"inLanguage\":\"fr-FR\",\"@id\":\"https:\\\/\\\/www.paolochiesifoundation.org\\\/fr\\\/#\\\/schema\\\/logo\\\/image\\\/\",\"url\":\"https:\\\/\\\/www.paolochiesifoundation.org\\\/wp-content\\\/uploads\\\/2025\\\/09\\\/PCF-logo-pos-e1758787716100.png\",\"contentUrl\":\"https:\\\/\\\/www.paolochiesifoundation.org\\\/wp-content\\\/uploads\\\/2025\\\/09\\\/PCF-logo-pos-e1758787716100.png\",\"width\":1815,\"height\":1145,\"caption\":\"Fondation Paolo Chiesi\"},\"image\":{\"@id\":\"https:\\\/\\\/www.paolochiesifoundation.org\\\/fr\\\/#\\\/schema\\\/logo\\\/image\\\/\"},\"sameAs\":[\"https:\\\/\\\/www.facebook.com\\\/Chiesi.Foundation\\\/\",\"https:\\\/\\\/www.linkedin.com\\\/company\\\/chiesi-foundation\"]}]}<\/script>\n<!-- \/ Yoast SEO plugin. -->","yoast_head_json":{"title":"Politique relative aux cookies - Paolo Chiesi Foundation","robots":{"index":"index","follow":"follow","max-snippet":"max-snippet:-1","max-image-preview":"max-image-preview:large","max-video-preview":"max-video-preview:-1"},"canonical":"https:\/\/www.paolochiesifoundation.org\/fr\/politique-relative-aux-cookies\/","og_locale":"fr_FR","og_type":"article","og_title":"Politique relative aux cookies - Paolo Chiesi Foundation","og_url":"https:\/\/www.paolochiesifoundation.org\/fr\/politique-relative-aux-cookies\/","og_site_name":"Paolo Chiesi Foundation","article_publisher":"https:\/\/www.facebook.com\/Chiesi.Foundation\/","article_modified_time":"2025-11-03T13:50:12+00:00","og_image":[{"width":1815,"height":1145,"url":"https:\/\/www.paolochiesifoundation.org\/wp-content\/uploads\/2025\/09\/PCF-logo-pos-e1758787716100.png","type":"image\/png"}],"twitter_card":"summary_large_image","twitter_misc":{"Dur\u00e9e de lecture estim\u00e9e":"11 minutes"},"schema":{"@context":"https:\/\/schema.org","@graph":[{"@type":"WebPage","@id":"https:\/\/www.paolochiesifoundation.org\/fr\/politique-relative-aux-cookies\/","url":"https:\/\/www.paolochiesifoundation.org\/fr\/politique-relative-aux-cookies\/","name":"Politique relative aux cookies - Paolo Chiesi Foundation","isPartOf":{"@id":"https:\/\/www.paolochiesifoundation.org\/fr\/#website"},"datePublished":"2022-10-04T08:21:43+00:00","dateModified":"2025-11-03T13:50:12+00:00","breadcrumb":{"@id":"https:\/\/www.paolochiesifoundation.org\/fr\/politique-relative-aux-cookies\/#breadcrumb"},"inLanguage":"fr-FR","potentialAction":[{"@type":"ReadAction","target":["https:\/\/www.paolochiesifoundation.org\/fr\/politique-relative-aux-cookies\/"]}]},{"@type":"BreadcrumbList","@id":"https:\/\/www.paolochiesifoundation.org\/fr\/politique-relative-aux-cookies\/#breadcrumb","itemListElement":[{"@type":"ListItem","position":1,"name":"Home","item":"https:\/\/www.paolochiesifoundation.org\/fr\/"},{"@type":"ListItem","position":2,"name":"Politique relative aux cookies"}]},{"@type":"WebSite","@id":"https:\/\/www.paolochiesifoundation.org\/fr\/#website","url":"https:\/\/www.paolochiesifoundation.org\/fr\/","name":"Paolo Chiesi Foundation","description":"La salute \u00e8 un diritto di tutti","publisher":{"@id":"https:\/\/www.paolochiesifoundation.org\/fr\/#organization"},"potentialAction":[{"@type":"SearchAction","target":{"@type":"EntryPoint","urlTemplate":"https:\/\/www.paolochiesifoundation.org\/fr\/?s={search_term_string}"},"query-input":{"@type":"PropertyValueSpecification","valueRequired":true,"valueName":"search_term_string"}}],"inLanguage":"fr-FR"},{"@type":"Organization","@id":"https:\/\/www.paolochiesifoundation.org\/fr\/#organization","name":"Fondation Paolo Chiesi","url":"https:\/\/www.paolochiesifoundation.org\/fr\/","logo":{"@type":"ImageObject","inLanguage":"fr-FR","@id":"https:\/\/www.paolochiesifoundation.org\/fr\/#\/schema\/logo\/image\/","url":"https:\/\/www.paolochiesifoundation.org\/wp-content\/uploads\/2025\/09\/PCF-logo-pos-e1758787716100.png","contentUrl":"https:\/\/www.paolochiesifoundation.org\/wp-content\/uploads\/2025\/09\/PCF-logo-pos-e1758787716100.png","width":1815,"height":1145,"caption":"Fondation Paolo Chiesi"},"image":{"@id":"https:\/\/www.paolochiesifoundation.org\/fr\/#\/schema\/logo\/image\/"},"sameAs":["https:\/\/www.facebook.com\/Chiesi.Foundation\/","https:\/\/www.linkedin.com\/company\/chiesi-foundation"]}]}},"_links":{"self":[{"href":"https:\/\/www.paolochiesifoundation.org\/fr\/wp-json\/wp\/v2\/pages\/7367","targetHints":{"allow":["GET"]}}],"collection":[{"href":"https:\/\/www.paolochiesifoundation.org\/fr\/wp-json\/wp\/v2\/pages"}],"about":[{"href":"https:\/\/www.paolochiesifoundation.org\/fr\/wp-json\/wp\/v2\/types\/page"}],"author":[{"embeddable":true,"href":"https:\/\/www.paolochiesifoundation.org\/fr\/wp-json\/wp\/v2\/users\/1"}],"replies":[{"embeddable":true,"href":"https:\/\/www.paolochiesifoundation.org\/fr\/wp-json\/wp\/v2\/comments?post=7367"}],"version-history":[{"count":2,"href":"https:\/\/www.paolochiesifoundation.org\/fr\/wp-json\/wp\/v2\/pages\/7367\/revisions"}],"predecessor-version":[{"id":15317,"href":"https:\/\/www.paolochiesifoundation.org\/fr\/wp-json\/wp\/v2\/pages\/7367\/revisions\/15317"}],"wp:attachment":[{"href":"https:\/\/www.paolochiesifoundation.org\/fr\/wp-json\/wp\/v2\/media?parent=7367"}],"curies":[{"name":"wp","href":"https:\/\/api.w.org\/{rel}","templated":true}]}}