{"id":7304,"date":"2022-10-04T08:18:00","date_gmt":"2022-10-04T08:18:00","guid":{"rendered":"https:\/\/www.chiesifoundation.org\/politique-de-confidentialite\/"},"modified":"2026-02-19T08:08:43","modified_gmt":"2026-02-19T08:08:43","slug":"politique-de-confidentialite","status":"publish","type":"page","link":"https:\/\/www.paolochiesifoundation.org\/fr\/politique-de-confidentialite\/","title":{"rendered":"Politique de confidentialit\u00e9"},"content":{"rendered":"<div class=\"fusion-fullwidth fullwidth-box fusion-builder-row-1 fusion-flex-container has-pattern-background has-mask-background nonhundred-percent-fullwidth non-hundred-percent-height-scrolling\" style=\"--awb-border-radius-top-left:0px;--awb-border-radius-top-right:0px;--awb-border-radius-bottom-right:0px;--awb-border-radius-bottom-left:0px;--awb-flex-wrap:wrap;\" ><div class=\"fusion-builder-row fusion-row fusion-flex-align-items-flex-start fusion-flex-content-wrap\" style=\"max-width:1216.8px;margin-left: calc(-4% \/ 2 );margin-right: calc(-4% \/ 2 );\"><div class=\"fusion-layout-column fusion_builder_column fusion-builder-column-0 fusion_builder_column_1_1 1_1 fusion-flex-column\" style=\"--awb-bg-size:cover;--awb-width-large:100%;--awb-margin-top-large:45px;--awb-spacing-right-large:1.92%;--awb-margin-bottom-large:20px;--awb-spacing-left-large:1.92%;--awb-width-medium:100%;--awb-order-medium:0;--awb-spacing-right-medium:1.92%;--awb-spacing-left-medium:1.92%;--awb-width-small:100%;--awb-order-small:0;--awb-spacing-right-small:1.92%;--awb-spacing-left-small:1.92%;\"><div class=\"fusion-column-wrapper fusion-column-has-shadow fusion-flex-justify-content-flex-start fusion-content-layout-column\"><div class=\"fusion-text fusion-text-1\"><p>La pr\u00e9sente politique de confidentialit\u00e9 r\u00e9git la mani\u00e8re dont la Fondation Paolo Chiesi collecte, utilise, conserve et divulgue les informations recueillies aupr\u00e8s des utilisateurs (chacun, un \u00ab Utilisateur \u00bb) du site web www.paolochiesifoundation.org (\u00ab Site \u00bb).<\/p>\n<p>La pr\u00e9sente politique de confidentialit\u00e9 s&rsquo;applique au Site et \u00e0 tous les produits et services propos\u00e9s par la Fondation Paolo Chiesi.<\/p>\n<p><strong>Informations personnellement identifiables<\/strong><\/p>\n<p>Nous pouvons recueillir des informations d&rsquo;identification personnelle aupr\u00e8s des Utilisateurs de diff\u00e9rentes mani\u00e8res, notamment lorsque les Utilisateurs visitent notre site, remplissent un formulaire ou dans le cadre d&rsquo;autres activit\u00e9s, services, fonctionnalit\u00e9s ou ressources que nous mettons \u00e0 leur disposition sur notre site. Le cas \u00e9ch\u00e9ant, nous pouvons leur demander leur adresse courriel. Les Utilisateurs peuvent toutefois visiter notre site de mani\u00e8re anonyme.  <\/p>\n<p>Nous recueillons des informations personnellement identifiables aupr\u00e8s des utilisateurs uniquement s&rsquo;ils nous soumettent volontairement ces informations. Les utilisateurs peuvent toujours refuser de fournir des informations personnellement identifiables, sauf si cela peut les emp\u00eacher de s&rsquo;engager dans certaines activit\u00e9s li\u00e9es au site.<\/p>\n<p><strong>Informations d&rsquo;identification non personnelles<\/strong><\/p>\n<p>Nous pouvons collecter des informations non personnellement identifiables aupr\u00e8s des utilisateurs chaque fois qu&rsquo;ils interagissent avec notre site. Les informations non personnellement identifiables peuvent inclure le nom de votre navigateur, le type d&rsquo;ordinateur et des informations techniques relatives \u00e0 notre site, telles que le syst\u00e8me d&rsquo;exploitation et les fournisseurs de services Internet utilis\u00e9s et d&rsquo;autres informations similaires.<\/p>\n<p><strong>Comment nous utilisons les informations collect\u00e9es<\/strong><\/p>\n<p>La Fondation Paolo Chiesi peut collecter et utiliser les informations personnelles des utilisateurs aux fins suivantes&nbsp;:<\/p>\n<ul>\n<li>Pour am\u00e9liorer notre site<\/li>\n<li>Pour envoyer des e-mails p\u00e9riodiques<\/li>\n<li>Si vous d\u00e9cidez de vous inscrire \u00e0 notre liste de diffusion, vous recevrez des courriels pouvant contenir des nouvelles de la Fondation, des mises \u00e0 jour, des informations sur les projets et initiatives, etc.<\/li>\n<\/ul>\n<p><strong>Comment nous prot\u00e9geons les informations<\/strong><\/p>\n<p>Nous prenons des mesures ad\u00e9quates de collecte, de stockage et de traitement des donn\u00e9es et de s\u00e9curit\u00e9 pour emp\u00eacher l&rsquo;acc\u00e8s non autoris\u00e9, la modification, la divulgation ou la destruction de vos donn\u00e9es, nom d&rsquo;utilisateur, mot de passe, informations de transaction et donn\u00e9es personnelles stock\u00e9es sur notre site.<\/p>\n<p><strong>Partage d&rsquo;informations personnelles<\/strong><\/p>\n<p>Nous ne vendons, n&rsquo;\u00e9changeons ni ne louons d&rsquo;informations d&rsquo;utilisateur personnellement identifiables \u00e0 des tiers.<\/p>\n<p>Sites Web tiers. Les utilisateurs peuvent trouver d&rsquo;autres contenus sur notre site qui pointent vers les sites de nos partenaires, fournisseurs, sponsors, licenci\u00e9s et autres tiers. Nous n&rsquo;exer\u00e7ons aucun contr\u00f4le sur le contenu ou les liens qui apparaissent sur ces sites et ne sommes pas responsables des pratiques employ\u00e9es par les sites web li\u00e9s ou par notre propre site. De plus, ces sites ou services, y compris leur contenu et leurs liens, peuvent \u00eatre en constante \u00e9volution. Ces sites et services peuvent avoir leurs propres politiques de confidentialit\u00e9 et politiques de service client. La navigation et l&rsquo;interaction sur tout autre site web, y compris les sites web comportant un lien vers notre site, sont soumises aux conditions et politiques propres \u00e0 ces sites web.<\/p>\n<p><strong>Modifications de cette d\u00e9claration de confidentialit\u00e9<\/strong><\/p>\n<p>La Fondation Paolo Chiesi se r\u00e9serve le droit de mettre \u00e0 jour cette politique de confidentialit\u00e9 \u00e0 tout moment. Nous encourageons les utilisateurs \u00e0 consulter fr\u00e9quemment cette page pour tout changement afin de rester inform\u00e9s de la mani\u00e8re dont nous aidons \u00e0 prot\u00e9ger les informations personnelles que nous collectons. Vous reconnaissez et acceptez qu&rsquo;il est de votre responsabilit\u00e9 de revoir p\u00e9riodiquement ces politiques et de prendre connaissance de tout changement.<\/p>\n<p><strong>Acceptation de ces termes<\/strong><\/p>\n<p>L&rsquo;utilisation de ce site implique l&rsquo;acceptation de cette politique. Si vous n&rsquo;acceptez pas cette politique, veuillez ne pas utiliser notre site. Votre utilisation continue du Site apr\u00e8s la publication des modifications de cette politique implique votre acceptation de ces modifications.<\/p>\n<p><strong>Contactez-nous<\/strong><\/p>\n<p>Si vous avez des questions concernant cette politique de confidentialit\u00e9, les pratiques de ce site ou vos relations avec ce site, veuillez nous contacter \u00e0 l&rsquo;adresse suivante&nbsp;: <a href=\"mailto:info@paolochiesifoundation.org\" target=\"_blank\" rel=\"noopener\">info@paolochiesifoundation.org<\/a> .<\/p>\n<\/div><\/div><\/div><\/div><\/div>\n","protected":false},"excerpt":{"rendered":"","protected":false},"author":1,"featured_media":0,"parent":0,"menu_order":0,"comment_status":"closed","ping_status":"closed","template":"100-width.php","meta":{"footnotes":""},"class_list":["post-7304","page","type-page","status-publish","hentry"],"yoast_head":"<!-- This site is optimized with the Yoast SEO plugin v27.5 - https:\/\/yoast.com\/product\/yoast-seo-wordpress\/ -->\n<title>Politique de confidentialit\u00e9 - Paolo Chiesi Foundation<\/title>\n<meta name=\"robots\" content=\"index, follow, max-snippet:-1, max-image-preview:large, max-video-preview:-1\" \/>\n<link rel=\"canonical\" href=\"https:\/\/www.paolochiesifoundation.org\/fr\/politique-de-confidentialite\/\" \/>\n<meta property=\"og:locale\" content=\"fr_FR\" \/>\n<meta property=\"og:type\" content=\"article\" \/>\n<meta property=\"og:title\" content=\"Politique de confidentialit\u00e9 - Paolo Chiesi Foundation\" \/>\n<meta property=\"og:url\" content=\"https:\/\/www.paolochiesifoundation.org\/fr\/politique-de-confidentialite\/\" \/>\n<meta property=\"og:site_name\" content=\"Paolo Chiesi Foundation\" \/>\n<meta property=\"article:publisher\" content=\"https:\/\/www.facebook.com\/Chiesi.Foundation\/\" \/>\n<meta property=\"article:modified_time\" content=\"2026-02-19T08:08:43+00:00\" \/>\n<meta property=\"og:image\" content=\"https:\/\/www.paolochiesifoundation.org\/wp-content\/uploads\/2025\/09\/PCF-logo-pos-e1758787716100.png\" \/>\n\t<meta property=\"og:image:width\" content=\"1815\" \/>\n\t<meta property=\"og:image:height\" content=\"1145\" \/>\n\t<meta property=\"og:image:type\" content=\"image\/png\" \/>\n<meta name=\"twitter:card\" content=\"summary_large_image\" \/>\n<meta name=\"twitter:label1\" content=\"Dur\u00e9e de lecture estim\u00e9e\" \/>\n\t<meta name=\"twitter:data1\" content=\"6 minutes\" \/>\n<script type=\"application\/ld+json\" class=\"yoast-schema-graph\">{\"@context\":\"https:\\\/\\\/schema.org\",\"@graph\":[{\"@type\":\"WebPage\",\"@id\":\"https:\\\/\\\/www.paolochiesifoundation.org\\\/fr\\\/politique-de-confidentialite\\\/\",\"url\":\"https:\\\/\\\/www.paolochiesifoundation.org\\\/fr\\\/politique-de-confidentialite\\\/\",\"name\":\"Politique de confidentialit\u00e9 - Paolo Chiesi Foundation\",\"isPartOf\":{\"@id\":\"https:\\\/\\\/www.paolochiesifoundation.org\\\/fr\\\/#website\"},\"datePublished\":\"2022-10-04T08:18:00+00:00\",\"dateModified\":\"2026-02-19T08:08:43+00:00\",\"breadcrumb\":{\"@id\":\"https:\\\/\\\/www.paolochiesifoundation.org\\\/fr\\\/politique-de-confidentialite\\\/#breadcrumb\"},\"inLanguage\":\"fr-FR\",\"potentialAction\":[{\"@type\":\"ReadAction\",\"target\":[\"https:\\\/\\\/www.paolochiesifoundation.org\\\/fr\\\/politique-de-confidentialite\\\/\"]}]},{\"@type\":\"BreadcrumbList\",\"@id\":\"https:\\\/\\\/www.paolochiesifoundation.org\\\/fr\\\/politique-de-confidentialite\\\/#breadcrumb\",\"itemListElement\":[{\"@type\":\"ListItem\",\"position\":1,\"name\":\"Home\",\"item\":\"https:\\\/\\\/www.paolochiesifoundation.org\\\/fr\\\/\"},{\"@type\":\"ListItem\",\"position\":2,\"name\":\"Politique de confidentialit\u00e9\"}]},{\"@type\":\"WebSite\",\"@id\":\"https:\\\/\\\/www.paolochiesifoundation.org\\\/fr\\\/#website\",\"url\":\"https:\\\/\\\/www.paolochiesifoundation.org\\\/fr\\\/\",\"name\":\"Paolo Chiesi Foundation\",\"description\":\"La salute \u00e8 un diritto di tutti\",\"publisher\":{\"@id\":\"https:\\\/\\\/www.paolochiesifoundation.org\\\/fr\\\/#organization\"},\"potentialAction\":[{\"@type\":\"SearchAction\",\"target\":{\"@type\":\"EntryPoint\",\"urlTemplate\":\"https:\\\/\\\/www.paolochiesifoundation.org\\\/fr\\\/?s={search_term_string}\"},\"query-input\":{\"@type\":\"PropertyValueSpecification\",\"valueRequired\":true,\"valueName\":\"search_term_string\"}}],\"inLanguage\":\"fr-FR\"},{\"@type\":\"Organization\",\"@id\":\"https:\\\/\\\/www.paolochiesifoundation.org\\\/fr\\\/#organization\",\"name\":\"Fondation Paolo Chiesi\",\"url\":\"https:\\\/\\\/www.paolochiesifoundation.org\\\/fr\\\/\",\"logo\":{\"@type\":\"ImageObject\",\"inLanguage\":\"fr-FR\",\"@id\":\"https:\\\/\\\/www.paolochiesifoundation.org\\\/fr\\\/#\\\/schema\\\/logo\\\/image\\\/\",\"url\":\"https:\\\/\\\/www.paolochiesifoundation.org\\\/wp-content\\\/uploads\\\/2025\\\/09\\\/PCF-logo-pos-e1758787716100.png\",\"contentUrl\":\"https:\\\/\\\/www.paolochiesifoundation.org\\\/wp-content\\\/uploads\\\/2025\\\/09\\\/PCF-logo-pos-e1758787716100.png\",\"width\":1815,\"height\":1145,\"caption\":\"Fondation Paolo Chiesi\"},\"image\":{\"@id\":\"https:\\\/\\\/www.paolochiesifoundation.org\\\/fr\\\/#\\\/schema\\\/logo\\\/image\\\/\"},\"sameAs\":[\"https:\\\/\\\/www.facebook.com\\\/Chiesi.Foundation\\\/\",\"https:\\\/\\\/www.linkedin.com\\\/company\\\/chiesi-foundation\"]}]}<\/script>\n<!-- \/ Yoast SEO plugin. -->","yoast_head_json":{"title":"Politique de confidentialit\u00e9 - Paolo Chiesi Foundation","robots":{"index":"index","follow":"follow","max-snippet":"max-snippet:-1","max-image-preview":"max-image-preview:large","max-video-preview":"max-video-preview:-1"},"canonical":"https:\/\/www.paolochiesifoundation.org\/fr\/politique-de-confidentialite\/","og_locale":"fr_FR","og_type":"article","og_title":"Politique de confidentialit\u00e9 - Paolo Chiesi Foundation","og_url":"https:\/\/www.paolochiesifoundation.org\/fr\/politique-de-confidentialite\/","og_site_name":"Paolo Chiesi Foundation","article_publisher":"https:\/\/www.facebook.com\/Chiesi.Foundation\/","article_modified_time":"2026-02-19T08:08:43+00:00","og_image":[{"width":1815,"height":1145,"url":"https:\/\/www.paolochiesifoundation.org\/wp-content\/uploads\/2025\/09\/PCF-logo-pos-e1758787716100.png","type":"image\/png"}],"twitter_card":"summary_large_image","twitter_misc":{"Dur\u00e9e de lecture estim\u00e9e":"6 minutes"},"schema":{"@context":"https:\/\/schema.org","@graph":[{"@type":"WebPage","@id":"https:\/\/www.paolochiesifoundation.org\/fr\/politique-de-confidentialite\/","url":"https:\/\/www.paolochiesifoundation.org\/fr\/politique-de-confidentialite\/","name":"Politique de confidentialit\u00e9 - Paolo Chiesi Foundation","isPartOf":{"@id":"https:\/\/www.paolochiesifoundation.org\/fr\/#website"},"datePublished":"2022-10-04T08:18:00+00:00","dateModified":"2026-02-19T08:08:43+00:00","breadcrumb":{"@id":"https:\/\/www.paolochiesifoundation.org\/fr\/politique-de-confidentialite\/#breadcrumb"},"inLanguage":"fr-FR","potentialAction":[{"@type":"ReadAction","target":["https:\/\/www.paolochiesifoundation.org\/fr\/politique-de-confidentialite\/"]}]},{"@type":"BreadcrumbList","@id":"https:\/\/www.paolochiesifoundation.org\/fr\/politique-de-confidentialite\/#breadcrumb","itemListElement":[{"@type":"ListItem","position":1,"name":"Home","item":"https:\/\/www.paolochiesifoundation.org\/fr\/"},{"@type":"ListItem","position":2,"name":"Politique de confidentialit\u00e9"}]},{"@type":"WebSite","@id":"https:\/\/www.paolochiesifoundation.org\/fr\/#website","url":"https:\/\/www.paolochiesifoundation.org\/fr\/","name":"Paolo Chiesi Foundation","description":"La salute \u00e8 un diritto di tutti","publisher":{"@id":"https:\/\/www.paolochiesifoundation.org\/fr\/#organization"},"potentialAction":[{"@type":"SearchAction","target":{"@type":"EntryPoint","urlTemplate":"https:\/\/www.paolochiesifoundation.org\/fr\/?s={search_term_string}"},"query-input":{"@type":"PropertyValueSpecification","valueRequired":true,"valueName":"search_term_string"}}],"inLanguage":"fr-FR"},{"@type":"Organization","@id":"https:\/\/www.paolochiesifoundation.org\/fr\/#organization","name":"Fondation Paolo Chiesi","url":"https:\/\/www.paolochiesifoundation.org\/fr\/","logo":{"@type":"ImageObject","inLanguage":"fr-FR","@id":"https:\/\/www.paolochiesifoundation.org\/fr\/#\/schema\/logo\/image\/","url":"https:\/\/www.paolochiesifoundation.org\/wp-content\/uploads\/2025\/09\/PCF-logo-pos-e1758787716100.png","contentUrl":"https:\/\/www.paolochiesifoundation.org\/wp-content\/uploads\/2025\/09\/PCF-logo-pos-e1758787716100.png","width":1815,"height":1145,"caption":"Fondation Paolo Chiesi"},"image":{"@id":"https:\/\/www.paolochiesifoundation.org\/fr\/#\/schema\/logo\/image\/"},"sameAs":["https:\/\/www.facebook.com\/Chiesi.Foundation\/","https:\/\/www.linkedin.com\/company\/chiesi-foundation"]}]}},"_links":{"self":[{"href":"https:\/\/www.paolochiesifoundation.org\/fr\/wp-json\/wp\/v2\/pages\/7304","targetHints":{"allow":["GET"]}}],"collection":[{"href":"https:\/\/www.paolochiesifoundation.org\/fr\/wp-json\/wp\/v2\/pages"}],"about":[{"href":"https:\/\/www.paolochiesifoundation.org\/fr\/wp-json\/wp\/v2\/types\/page"}],"author":[{"embeddable":true,"href":"https:\/\/www.paolochiesifoundation.org\/fr\/wp-json\/wp\/v2\/users\/1"}],"replies":[{"embeddable":true,"href":"https:\/\/www.paolochiesifoundation.org\/fr\/wp-json\/wp\/v2\/comments?post=7304"}],"version-history":[{"count":21,"href":"https:\/\/www.paolochiesifoundation.org\/fr\/wp-json\/wp\/v2\/pages\/7304\/revisions"}],"predecessor-version":[{"id":16335,"href":"https:\/\/www.paolochiesifoundation.org\/fr\/wp-json\/wp\/v2\/pages\/7304\/revisions\/16335"}],"wp:attachment":[{"href":"https:\/\/www.paolochiesifoundation.org\/fr\/wp-json\/wp\/v2\/media?parent=7304"}],"curies":[{"name":"wp","href":"https:\/\/api.w.org\/{rel}","templated":true}]}}