{"id":7069,"date":"2022-10-04T08:25:07","date_gmt":"2022-10-04T08:25:07","guid":{"rendered":"https:\/\/www.chiesifoundation.org\/conditions-dutilisation\/"},"modified":"2026-02-19T08:17:11","modified_gmt":"2026-02-19T08:17:11","slug":"conditions-dutilisation","status":"publish","type":"page","link":"https:\/\/www.paolochiesifoundation.org\/fr\/conditions-dutilisation\/","title":{"rendered":"Conditions d&rsquo;utilisation"},"content":{"rendered":"<div class=\"fusion-fullwidth fullwidth-box fusion-builder-row-1 fusion-flex-container has-pattern-background has-mask-background nonhundred-percent-fullwidth non-hundred-percent-height-scrolling\" style=\"--awb-border-radius-top-left:0px;--awb-border-radius-top-right:0px;--awb-border-radius-bottom-right:0px;--awb-border-radius-bottom-left:0px;--awb-flex-wrap:wrap;\" ><div class=\"fusion-builder-row fusion-row fusion-flex-align-items-flex-start fusion-flex-content-wrap\" style=\"max-width:1216.8px;margin-left: calc(-4% \/ 2 );margin-right: calc(-4% \/ 2 );\"><div class=\"fusion-layout-column fusion_builder_column fusion-builder-column-0 fusion_builder_column_1_1 1_1 fusion-flex-column\" style=\"--awb-bg-size:cover;--awb-width-large:100%;--awb-margin-top-large:45px;--awb-spacing-right-large:1.92%;--awb-margin-bottom-large:20px;--awb-spacing-left-large:1.92%;--awb-width-medium:100%;--awb-order-medium:0;--awb-spacing-right-medium:1.92%;--awb-spacing-left-medium:1.92%;--awb-width-small:100%;--awb-order-small:0;--awb-spacing-right-small:1.92%;--awb-spacing-left-small:1.92%;\"><div class=\"fusion-column-wrapper fusion-column-has-shadow fusion-flex-justify-content-flex-start fusion-content-layout-column\"><div class=\"fusion-text fusion-text-1\"><p>La Fondation Paolo Chiesi est propri\u00e9taire du site web. La Fondation Paolo Chiesi peut, \u00e0 son enti\u00e8re discr\u00e9tion, modifier ou amender les pr\u00e9sentes conditions d&rsquo;utilisation \u00e0 tout moment en mettant \u00e0 jour cette page. <\/p>\n<p>Nous adh\u00e9rons \u00e0 la norme HONcode pour la fiabilit\u00e9 des informations m\u00e9dicales Nous adh\u00e9rons \u00e0 la norme HONcode pour la fiabilit\u00e9 des informations m\u00e9dicales.<\/p>\n<p><b>Principes Honcode<\/b><\/p>\n<p><b>Principe 1<\/b><\/p>\n<p>Toute information m\u00e9dicale fournie et h\u00e9berg\u00e9e par le site sera r\u00e9dig\u00e9e uniquement par des experts m\u00e9dicaux et des professionnels qualifi\u00e9s, \u00e0 moins qu&rsquo;une mention explicite ne pr\u00e9cise que certaines informations proviennent de personnes ou d&rsquo;organisations non m\u00e9dicales.<\/p>\n<p><b>Principe 2<\/b><\/p>\n<p>Les informations fournies sur ce site ne doivent pas \u00eatre consid\u00e9r\u00e9es comme des conseils professionnels ni comme un substitut \u00e0 un avis m\u00e9dical.<br \/> Ce site a pour objectif de promouvoir la recherche scientifique et de diffuser les connaissances biom\u00e9dicales, de soutenir les jeunes chercheurs, de d\u00e9velopper des projets de transfert de connaissances vers les pays en d\u00e9veloppement et de soutenir des projets de solidarit\u00e9 avec des associations de patients atteints de maladies rares.<\/p>\n<p>Ce site s&rsquo;adresse \u00e0 un large public&nbsp;: patients, membres de leur famille, personnel m\u00e9dical et scientifique, et toute personne int\u00e9ress\u00e9e par des informations sur les pathologies \u00e9tudi\u00e9es et les initiatives promues par la Fondation Paolo Chiesi.<\/p>\n<p><b>Principe 3<\/b><\/p>\n<p>Les informations personnelles concernant les patients et les visiteurs du site, y compris l&rsquo;identit\u00e9, sont confidentielles. Le responsable du site s&rsquo;engage sur l&rsquo;honneur \u00e0 respecter les conditions l\u00e9gales de confidentialit\u00e9 des informations m\u00e9dicales conform\u00e9ment aux lois du pays o\u00f9 se trouvent le serveur et les sites-miroirs.<\/p>\n<p><b>Principe 4<\/b><\/p>\n<p>L&rsquo;origine des informations diffus\u00e9es doit \u00eatre accompagn\u00e9e de r\u00e9f\u00e9rences explicites et, si possible, de liens vers ces donn\u00e9es. La date de la derni\u00e8re mise \u00e0 jour doit appara\u00eetre clairement sur la page (par exemple en bas de chaque page).<\/p>\n<p><b>Principe 5<\/b><\/p>\n<p>Le site Web ne contient pas de d\u00e9clarations relatives \u00e0 des traitements m\u00e9dicaux sp\u00e9cifiques, des produits commerciaux ou d&rsquo;autres services.<\/p>\n<p><b>Principe 6<\/b><\/p>\n<p>Les cr\u00e9ateurs du site s&rsquo;efforceront de fournir des informations aussi claires que possible et fourniront une adresse \u00e0 laquelle les utilisateurs pourront demander des pr\u00e9cisions ou une assistance ; cette adresse e-mail est bien visible sur les pages du site.<\/p>\n<p><b>Principe 7<\/b><\/p>\n<p>La cr\u00e9ation du site est enti\u00e8rement financ\u00e9e par la Fondation ; le site n&rsquo;est pas financ\u00e9 par des banni\u00e8res ou des espaces publicitaires d&rsquo;entreprises publiques ou priv\u00e9es.<\/p>\n<p><b>Principe 8<\/b><\/p>\n<p>Le site n&rsquo;accepte pas les publicit\u00e9s d&rsquo;entreprises ext\u00e9rieures publiques ou priv\u00e9es ; les espaces publicitaires \/ banni\u00e8res pr\u00e9sents concernent des initiatives, activit\u00e9s ou projets promus directement par la Fondation ou par ses partenaires.<\/p>\n<\/div><\/div><\/div><\/div><\/div>\n","protected":false},"excerpt":{"rendered":"","protected":false},"author":1,"featured_media":0,"parent":0,"menu_order":0,"comment_status":"closed","ping_status":"closed","template":"100-width.php","meta":{"footnotes":""},"class_list":["post-7069","page","type-page","status-publish","hentry"],"yoast_head":"<!-- This site is optimized with the Yoast SEO plugin v27.5 - https:\/\/yoast.com\/product\/yoast-seo-wordpress\/ -->\n<title>Conditions d&#039;utilisation - Paolo Chiesi Foundation<\/title>\n<meta name=\"robots\" content=\"index, follow, max-snippet:-1, max-image-preview:large, max-video-preview:-1\" \/>\n<link rel=\"canonical\" href=\"https:\/\/www.paolochiesifoundation.org\/fr\/conditions-dutilisation\/\" \/>\n<meta property=\"og:locale\" content=\"fr_FR\" \/>\n<meta property=\"og:type\" content=\"article\" \/>\n<meta property=\"og:title\" content=\"Conditions d&#039;utilisation - Paolo Chiesi Foundation\" \/>\n<meta property=\"og:url\" content=\"https:\/\/www.paolochiesifoundation.org\/fr\/conditions-dutilisation\/\" \/>\n<meta property=\"og:site_name\" content=\"Paolo Chiesi Foundation\" \/>\n<meta property=\"article:publisher\" content=\"https:\/\/www.facebook.com\/Chiesi.Foundation\/\" \/>\n<meta property=\"article:modified_time\" content=\"2026-02-19T08:17:11+00:00\" \/>\n<meta property=\"og:image\" content=\"https:\/\/www.paolochiesifoundation.org\/wp-content\/uploads\/2025\/09\/PCF-logo-pos-e1758787716100.png\" \/>\n\t<meta property=\"og:image:width\" content=\"1815\" \/>\n\t<meta property=\"og:image:height\" content=\"1145\" \/>\n\t<meta property=\"og:image:type\" content=\"image\/png\" \/>\n<meta name=\"twitter:card\" content=\"summary_large_image\" \/>\n<meta name=\"twitter:label1\" content=\"Dur\u00e9e de lecture estim\u00e9e\" \/>\n\t<meta name=\"twitter:data1\" content=\"5 minutes\" \/>\n<script type=\"application\/ld+json\" class=\"yoast-schema-graph\">{\"@context\":\"https:\\\/\\\/schema.org\",\"@graph\":[{\"@type\":\"WebPage\",\"@id\":\"https:\\\/\\\/www.paolochiesifoundation.org\\\/fr\\\/conditions-dutilisation\\\/\",\"url\":\"https:\\\/\\\/www.paolochiesifoundation.org\\\/fr\\\/conditions-dutilisation\\\/\",\"name\":\"Conditions d'utilisation - Paolo Chiesi Foundation\",\"isPartOf\":{\"@id\":\"https:\\\/\\\/www.paolochiesifoundation.org\\\/fr\\\/#website\"},\"datePublished\":\"2022-10-04T08:25:07+00:00\",\"dateModified\":\"2026-02-19T08:17:11+00:00\",\"breadcrumb\":{\"@id\":\"https:\\\/\\\/www.paolochiesifoundation.org\\\/fr\\\/conditions-dutilisation\\\/#breadcrumb\"},\"inLanguage\":\"fr-FR\",\"potentialAction\":[{\"@type\":\"ReadAction\",\"target\":[\"https:\\\/\\\/www.paolochiesifoundation.org\\\/fr\\\/conditions-dutilisation\\\/\"]}]},{\"@type\":\"BreadcrumbList\",\"@id\":\"https:\\\/\\\/www.paolochiesifoundation.org\\\/fr\\\/conditions-dutilisation\\\/#breadcrumb\",\"itemListElement\":[{\"@type\":\"ListItem\",\"position\":1,\"name\":\"Home\",\"item\":\"https:\\\/\\\/www.paolochiesifoundation.org\\\/fr\\\/\"},{\"@type\":\"ListItem\",\"position\":2,\"name\":\"Conditions d&#8217;utilisation\"}]},{\"@type\":\"WebSite\",\"@id\":\"https:\\\/\\\/www.paolochiesifoundation.org\\\/fr\\\/#website\",\"url\":\"https:\\\/\\\/www.paolochiesifoundation.org\\\/fr\\\/\",\"name\":\"Paolo Chiesi Foundation\",\"description\":\"La salute \u00e8 un diritto di tutti\",\"publisher\":{\"@id\":\"https:\\\/\\\/www.paolochiesifoundation.org\\\/fr\\\/#organization\"},\"potentialAction\":[{\"@type\":\"SearchAction\",\"target\":{\"@type\":\"EntryPoint\",\"urlTemplate\":\"https:\\\/\\\/www.paolochiesifoundation.org\\\/fr\\\/?s={search_term_string}\"},\"query-input\":{\"@type\":\"PropertyValueSpecification\",\"valueRequired\":true,\"valueName\":\"search_term_string\"}}],\"inLanguage\":\"fr-FR\"},{\"@type\":\"Organization\",\"@id\":\"https:\\\/\\\/www.paolochiesifoundation.org\\\/fr\\\/#organization\",\"name\":\"Fondation Paolo Chiesi\",\"url\":\"https:\\\/\\\/www.paolochiesifoundation.org\\\/fr\\\/\",\"logo\":{\"@type\":\"ImageObject\",\"inLanguage\":\"fr-FR\",\"@id\":\"https:\\\/\\\/www.paolochiesifoundation.org\\\/fr\\\/#\\\/schema\\\/logo\\\/image\\\/\",\"url\":\"https:\\\/\\\/www.paolochiesifoundation.org\\\/wp-content\\\/uploads\\\/2025\\\/09\\\/PCF-logo-pos-e1758787716100.png\",\"contentUrl\":\"https:\\\/\\\/www.paolochiesifoundation.org\\\/wp-content\\\/uploads\\\/2025\\\/09\\\/PCF-logo-pos-e1758787716100.png\",\"width\":1815,\"height\":1145,\"caption\":\"Fondation Paolo Chiesi\"},\"image\":{\"@id\":\"https:\\\/\\\/www.paolochiesifoundation.org\\\/fr\\\/#\\\/schema\\\/logo\\\/image\\\/\"},\"sameAs\":[\"https:\\\/\\\/www.facebook.com\\\/Chiesi.Foundation\\\/\",\"https:\\\/\\\/www.linkedin.com\\\/company\\\/chiesi-foundation\"]}]}<\/script>\n<!-- \/ Yoast SEO plugin. -->","yoast_head_json":{"title":"Conditions d'utilisation - Paolo Chiesi Foundation","robots":{"index":"index","follow":"follow","max-snippet":"max-snippet:-1","max-image-preview":"max-image-preview:large","max-video-preview":"max-video-preview:-1"},"canonical":"https:\/\/www.paolochiesifoundation.org\/fr\/conditions-dutilisation\/","og_locale":"fr_FR","og_type":"article","og_title":"Conditions d'utilisation - Paolo Chiesi Foundation","og_url":"https:\/\/www.paolochiesifoundation.org\/fr\/conditions-dutilisation\/","og_site_name":"Paolo Chiesi Foundation","article_publisher":"https:\/\/www.facebook.com\/Chiesi.Foundation\/","article_modified_time":"2026-02-19T08:17:11+00:00","og_image":[{"width":1815,"height":1145,"url":"https:\/\/www.paolochiesifoundation.org\/wp-content\/uploads\/2025\/09\/PCF-logo-pos-e1758787716100.png","type":"image\/png"}],"twitter_card":"summary_large_image","twitter_misc":{"Dur\u00e9e de lecture estim\u00e9e":"5 minutes"},"schema":{"@context":"https:\/\/schema.org","@graph":[{"@type":"WebPage","@id":"https:\/\/www.paolochiesifoundation.org\/fr\/conditions-dutilisation\/","url":"https:\/\/www.paolochiesifoundation.org\/fr\/conditions-dutilisation\/","name":"Conditions d'utilisation - Paolo Chiesi Foundation","isPartOf":{"@id":"https:\/\/www.paolochiesifoundation.org\/fr\/#website"},"datePublished":"2022-10-04T08:25:07+00:00","dateModified":"2026-02-19T08:17:11+00:00","breadcrumb":{"@id":"https:\/\/www.paolochiesifoundation.org\/fr\/conditions-dutilisation\/#breadcrumb"},"inLanguage":"fr-FR","potentialAction":[{"@type":"ReadAction","target":["https:\/\/www.paolochiesifoundation.org\/fr\/conditions-dutilisation\/"]}]},{"@type":"BreadcrumbList","@id":"https:\/\/www.paolochiesifoundation.org\/fr\/conditions-dutilisation\/#breadcrumb","itemListElement":[{"@type":"ListItem","position":1,"name":"Home","item":"https:\/\/www.paolochiesifoundation.org\/fr\/"},{"@type":"ListItem","position":2,"name":"Conditions d&#8217;utilisation"}]},{"@type":"WebSite","@id":"https:\/\/www.paolochiesifoundation.org\/fr\/#website","url":"https:\/\/www.paolochiesifoundation.org\/fr\/","name":"Paolo Chiesi Foundation","description":"La salute \u00e8 un diritto di tutti","publisher":{"@id":"https:\/\/www.paolochiesifoundation.org\/fr\/#organization"},"potentialAction":[{"@type":"SearchAction","target":{"@type":"EntryPoint","urlTemplate":"https:\/\/www.paolochiesifoundation.org\/fr\/?s={search_term_string}"},"query-input":{"@type":"PropertyValueSpecification","valueRequired":true,"valueName":"search_term_string"}}],"inLanguage":"fr-FR"},{"@type":"Organization","@id":"https:\/\/www.paolochiesifoundation.org\/fr\/#organization","name":"Fondation Paolo Chiesi","url":"https:\/\/www.paolochiesifoundation.org\/fr\/","logo":{"@type":"ImageObject","inLanguage":"fr-FR","@id":"https:\/\/www.paolochiesifoundation.org\/fr\/#\/schema\/logo\/image\/","url":"https:\/\/www.paolochiesifoundation.org\/wp-content\/uploads\/2025\/09\/PCF-logo-pos-e1758787716100.png","contentUrl":"https:\/\/www.paolochiesifoundation.org\/wp-content\/uploads\/2025\/09\/PCF-logo-pos-e1758787716100.png","width":1815,"height":1145,"caption":"Fondation Paolo Chiesi"},"image":{"@id":"https:\/\/www.paolochiesifoundation.org\/fr\/#\/schema\/logo\/image\/"},"sameAs":["https:\/\/www.facebook.com\/Chiesi.Foundation\/","https:\/\/www.linkedin.com\/company\/chiesi-foundation"]}]}},"_links":{"self":[{"href":"https:\/\/www.paolochiesifoundation.org\/fr\/wp-json\/wp\/v2\/pages\/7069","targetHints":{"allow":["GET"]}}],"collection":[{"href":"https:\/\/www.paolochiesifoundation.org\/fr\/wp-json\/wp\/v2\/pages"}],"about":[{"href":"https:\/\/www.paolochiesifoundation.org\/fr\/wp-json\/wp\/v2\/types\/page"}],"author":[{"embeddable":true,"href":"https:\/\/www.paolochiesifoundation.org\/fr\/wp-json\/wp\/v2\/users\/1"}],"replies":[{"embeddable":true,"href":"https:\/\/www.paolochiesifoundation.org\/fr\/wp-json\/wp\/v2\/comments?post=7069"}],"version-history":[{"count":15,"href":"https:\/\/www.paolochiesifoundation.org\/fr\/wp-json\/wp\/v2\/pages\/7069\/revisions"}],"predecessor-version":[{"id":16358,"href":"https:\/\/www.paolochiesifoundation.org\/fr\/wp-json\/wp\/v2\/pages\/7069\/revisions\/16358"}],"wp:attachment":[{"href":"https:\/\/www.paolochiesifoundation.org\/fr\/wp-json\/wp\/v2\/media?parent=7069"}],"curies":[{"name":"wp","href":"https:\/\/api.w.org\/{rel}","templated":true}]}}