{"id":16640,"date":"2026-02-25T14:59:33","date_gmt":"2026-02-25T14:59:33","guid":{"rendered":"https:\/\/www.paolochiesifoundation.org\/politique-de-confidentialite-des-donateurs\/"},"modified":"2026-02-25T15:07:28","modified_gmt":"2026-02-25T15:07:28","slug":"politique-confidentialite-donateurs","status":"publish","type":"page","link":"https:\/\/www.paolochiesifoundation.org\/fr\/politique-confidentialite-donateurs\/","title":{"rendered":"Politique de confidentialit\u00e9 des donateurs"},"content":{"rendered":"<div class=\"fusion-fullwidth fullwidth-box fusion-builder-row-1 fusion-flex-container has-pattern-background has-mask-background nonhundred-percent-fullwidth non-hundred-percent-height-scrolling\" style=\"--awb-border-radius-top-left:0px;--awb-border-radius-top-right:0px;--awb-border-radius-bottom-right:0px;--awb-border-radius-bottom-left:0px;--awb-flex-wrap:wrap;\" ><div class=\"fusion-builder-row fusion-row fusion-flex-align-items-flex-start fusion-flex-content-wrap\" style=\"max-width:1216.8px;margin-left: calc(-4% \/ 2 );margin-right: calc(-4% \/ 2 );\"><div class=\"fusion-layout-column fusion_builder_column fusion-builder-column-0 fusion_builder_column_1_1 1_1 fusion-flex-column\" style=\"--awb-bg-size:cover;--awb-width-large:100%;--awb-margin-top-large:45px;--awb-spacing-right-large:1.92%;--awb-margin-bottom-large:20px;--awb-spacing-left-large:1.92%;--awb-width-medium:100%;--awb-order-medium:0;--awb-spacing-right-medium:1.92%;--awb-spacing-left-medium:1.92%;--awb-width-small:100%;--awb-order-small:0;--awb-spacing-right-small:1.92%;--awb-spacing-left-small:1.92%;\"><div class=\"fusion-column-wrapper fusion-column-has-shadow fusion-flex-justify-content-flex-start fusion-content-layout-column\"><div class=\"fusion-text fusion-text-1\"><p>Par la pr\u00e9sente, la Fondation Paolo Chiesi (\u00ab <strong>Fondation<\/strong> \u00bb), conform\u00e9ment aux dispositions du R\u00e8glement europ\u00e9en n\u00b0 679\/2016 (ci-apr\u00e8s \u00ab <strong>RGPD<\/strong> \u00bb), souhaite vous informer que vos Donn\u00e9es Personnelles ou toutes Donn\u00e9es Personnelles que vous fournirez seront trait\u00e9es par la Fondation en sa qualit\u00e9 de Responsable du traitement, en pleine conformit\u00e9 avec la l\u00e9gislation en vigueur.<\/p>\n<p>Les \u00ab <strong>donn\u00e9es personnelles<\/strong> \u00bb d\u00e9signent toute information, y compris les informations \u00e9lectroniques, permettant d\u2019identifier une personne, soit individuellement, soit en combinaison avec d\u2019autres informations.<\/p>\n<p>Par \u00ab <strong>Traitement des donn\u00e9es \u00e0 caract\u00e8re personnel<\/strong> \u00bb, nous entendons, conform\u00e9ment \u00e0 l\u2019art. 4(2) du RGPD, toute op\u00e9ration ou ensemble d\u2019op\u00e9rations effectu\u00e9es sur des donn\u00e9es \u00e0 caract\u00e8re personnel, que ce soit ou non par des moyens automatis\u00e9s, telles que la collecte, l\u2019enregistrement, l\u2019organisation, la conservation, l\u2019adaptation ou la modification, l\u2019extraction, la consultation, l\u2019utilisation ou la diffusion de celles-ci.<\/p>\n<p>\u00ab <strong>Personne concern\u00e9e<\/strong> \u00bb d\u00e9signe la personne physique vivante, identifi\u00e9e ou identifiable, \u00e0 laquelle se rapportent les donn\u00e9es personnelles.<\/p>\n<h3><strong>1. Comment nous collectons et utilisons vos donn\u00e9es personnelles<\/strong><\/h3>\n<p><strong>But<\/strong><\/p>\n<p>Les donn\u00e9es sont trait\u00e9es afin de permettre la bonne r\u00e9alisation de votre don \u00e0 la Fondation Paolo Chiesi.<\/p>\n<p><strong>Donn\u00e9es personnelles trait\u00e9es<\/strong><\/p>\n<p>La Fondation ne conservera que les donn\u00e9es n\u00e9cessaires \u00e0 la finalit\u00e9 susmentionn\u00e9e. Plus pr\u00e9cis\u00e9ment, les donn\u00e9es suivantes seront trait\u00e9es\u00a0:<\/p>\n<p>Le traitement des donn\u00e9es sensibles, telles que d\u00e9finies \u00e0 l&rsquo;article 9 du RGPD (par exemple, les donn\u00e9es de sant\u00e9) et\/ou des donn\u00e9es relatives aux mineurs, est express\u00e9ment exclu. Ces cat\u00e9gories de donn\u00e9es, si elles sont communiqu\u00e9es volontairement par l&rsquo;utilisateur, seront imm\u00e9diatement supprim\u00e9es.<\/p>\n<p><strong>Base juridique <\/strong><\/p>\n<p><u>Ex\u00e9cution des obligations contractuelles<\/u> : pour la finalisation du contrat de don auquel l\u2019utilisateur donateur est partie.<\/p>\n<h3><strong>2. Comment nous partageons vos donn\u00e9es personnelles <\/strong><\/h3>\n<p>La Fondation peut partager vos donn\u00e9es personnelles avec d&rsquo;autres entreprises, organisations et personnes dans les circonstances suivantes\u00a0:<\/p>\n<ul>\n<li>Nous pouvons partager vos donn\u00e9es personnelles avec des soci\u00e9t\u00e9s appartenant au groupe Chiesi, en Italie et \u00e0 l&rsquo;\u00e9tranger (y compris dans des pays hors EEE).<\/li>\n<li><strong>Partage d&rsquo;informations conform\u00e9ment aux lois et r\u00e9glementations :<\/strong> Nous pouvons partager des informations conform\u00e9ment aux lois applicables afin de r\u00e9pondre \u00e0 des litiges ou \u00e0 des demandes \u00e9manant d&rsquo;autorit\u00e9s administratives ou judiciaires.<\/li>\n<li><strong>Partage avec les prestataires de services<\/strong>\u00a0: Nous pouvons \u00e9galement divulguer vos donn\u00e9es personnelles \u00e0 des entreprises qui fournissent des services en notre nom. Plus pr\u00e9cis\u00e9ment, vos donn\u00e9es seront partag\u00e9es avec Rebel Idealist Inc. (DonorBox), la plateforme par laquelle votre don sera trait\u00e9.<\/li>\n<\/ul>\n<p>Dans ce dernier cas, la Fondation s\u2019assurera de la l\u00e9gitimit\u00e9 de ce partage et conclura des accords et\/ou des clauses de traitement des donn\u00e9es avec les entreprises, les organisations et les personnes avec lesquelles vos donn\u00e9es personnelles seront partag\u00e9es, les obligeant \u00e0 se conformer \u00e0 la pr\u00e9sente politique et \u00e0 adopter des mesures de s\u00e9curit\u00e9 appropri\u00e9es.<\/p>\n<h3><strong>3. Comment nous prot\u00e9geons vos donn\u00e9es personnelles <\/strong><\/h3>\n<p>La Fondation accorde la plus haute importance \u00e0 la s\u00e9curit\u00e9 de vos donn\u00e9es personnelles et a adopt\u00e9 des mesures de s\u00e9curit\u00e9 ad\u00e9quates pour les prot\u00e9ger contre tout acc\u00e8s, divulgation ou perte non autoris\u00e9s.<\/p>\n<p>\u00c0 cette fin, la Fondation adopte les mesures suivantes\u00a0:<\/p>\n<ul>\n<li>Nous prenons des mesures raisonnables pour garantir que les donn\u00e9es personnelles collect\u00e9es soient limit\u00e9es et pertinentes au regard des finalit\u00e9s pour lesquelles elles sont trait\u00e9es.<\/li>\n<li>Nous ne conservons vos donn\u00e9es personnelles que pendant la dur\u00e9e strictement n\u00e9cessaire aux fins indiqu\u00e9es dans la pr\u00e9sente politique, sauf si la loi exige ou autorise une p\u00e9riode de conservation plus longue.<\/li>\n<li>Nous utilisons diverses technologies pour garantir la confidentialit\u00e9 des donn\u00e9es lors de leur transmission. Nous mettons en \u0153uvre des m\u00e9canismes de protection fiables pour d\u00e9fendre les serveurs de donn\u00e9es et de stockage contre les attaques potentielles.<\/li>\n<li>Nous s\u00e9lectionnons avec soin nos partenaires commerciaux et prestataires de services, et exigeons d&rsquo;eux qu&rsquo;ils respectent nos exigences en mati\u00e8re de protection des donn\u00e9es personnelles par le biais de clauses sp\u00e9cifiques dans leurs contrats. Nous r\u00e9alisons \u00e9galement des audits et autres v\u00e9rifications afin de garantir le respect de ces exigences.<\/li>\n<li>Nous organisons des formations, des tests et des activit\u00e9s d&rsquo;information sur la protection de la vie priv\u00e9e et la s\u00e9curit\u00e9, afin de sensibiliser davantage les employ\u00e9s et les collaborateurs \u00e0 la protection des donn\u00e9es personnelles.<\/li>\n<\/ul>\n<h3><strong>4. Stockage de vos donn\u00e9es personnelles<\/strong><\/h3>\n<p>Vos donn\u00e9es personnelles mentionn\u00e9es dans la section 1) de la pr\u00e9sente notice sont stock\u00e9es sur les serveurs de la Fondation en Italie, ou sur les serveurs de fournisseurs (d\u00e9sign\u00e9s sp\u00e9cifiquement comme sous-traitants de donn\u00e9es) situ\u00e9s \u00e0 l&rsquo;int\u00e9rieur ou \u00e0 l&rsquo;ext\u00e9rieur de l&rsquo;Union europ\u00e9enne, apr\u00e8s l&rsquo;adoption pr\u00e9alable de toutes les mesures de s\u00e9curit\u00e9 appropri\u00e9es visant \u00e0 assurer une protection ad\u00e9quate de vos donn\u00e9es personnelles.<\/p>\n<p>Nous conservons vos donn\u00e9es personnelles aussi longtemps que n\u00e9cessaire aux fins \u00e9nonc\u00e9es dans la pr\u00e9sente politique de confidentialit\u00e9.<\/p>\n<p>Vos donn\u00e9es personnelles seront conserv\u00e9es pendant la p\u00e9riode indiqu\u00e9e ci-dessus, ou pendant une p\u00e9riode plus courte si vous d\u00e9cidez d&rsquo;exercer l&rsquo;un des droits \u00e9num\u00e9r\u00e9s dans la section \u00ab\u00a0Droits de la personne concern\u00e9e\u00a0\u00bb ci-dessous.<\/p>\n<h3><strong>5. Droits de la partie int\u00e9ress\u00e9e <\/strong><\/h3>\n<p><u>Acc\u00e8s, rectification, effacement, portabilit\u00e9, limitation du traitement, opposition au traitement.<\/u><\/p>\n<p>La Fondation met \u00e0 votre disposition une adresse \u00e9lectronique que vous pouvez contacter pour exercer l&rsquo;un des droits indiqu\u00e9s ci-dessus, pour obtenir la liste des sous-traitants de donn\u00e9es et les noms des parties avec lesquelles vos donn\u00e9es ont \u00e9t\u00e9 partag\u00e9es\u00a0: <a style=\"color: #85c9f0; text-decoration: underline;\" href=\"mailto:info@paolochiesifoundation.org\" target=\"_blank\" rel=\"noopener\">info@paolochiesifoundation.org<\/a>.<\/p>\n<p>Si vous estimez que la Fondation ne traite pas vos donn\u00e9es conform\u00e9ment \u00e0 la pr\u00e9sente politique ou \u00e0 la loi applicable, nous vous rappelons que vous avez le droit d&rsquo;exercer vos droits et de d\u00e9poser une plainte aupr\u00e8s de l&rsquo;Autorit\u00e9 italienne de protection des donn\u00e9es.<\/p>\n<h3><strong>Le responsable du traitement des donn\u00e9es est\u00a0: <\/strong><\/h3>\n<p>Fondation Paolo Chiesi, dont le si\u00e8ge social est situ\u00e9 Via Paradigna 131\/A 43122 \u2013 Parme<\/p>\n<\/div><\/div><\/div><\/div><\/div>\n","protected":false},"excerpt":{"rendered":"","protected":false},"author":9,"featured_media":0,"parent":0,"menu_order":0,"comment_status":"closed","ping_status":"closed","template":"100-width.php","meta":{"footnotes":""},"class_list":["post-16640","page","type-page","status-publish","hentry"],"yoast_head":"<!-- This site is optimized with the Yoast SEO plugin v27.3 - https:\/\/yoast.com\/product\/yoast-seo-wordpress\/ -->\n<title>Politique de confidentialit\u00e9 des donateurs - Paolo Chiesi Foundation<\/title>\n<meta name=\"robots\" content=\"index, follow, max-snippet:-1, max-image-preview:large, max-video-preview:-1\" \/>\n<link rel=\"canonical\" href=\"https:\/\/www.paolochiesifoundation.org\/fr\/politique-confidentialite-donateurs\/\" \/>\n<meta property=\"og:locale\" content=\"fr_FR\" \/>\n<meta property=\"og:type\" content=\"article\" \/>\n<meta property=\"og:title\" content=\"Politique de confidentialit\u00e9 des donateurs - Paolo Chiesi Foundation\" \/>\n<meta property=\"og:url\" content=\"https:\/\/www.paolochiesifoundation.org\/fr\/politique-confidentialite-donateurs\/\" \/>\n<meta property=\"og:site_name\" content=\"Paolo Chiesi Foundation\" \/>\n<meta property=\"article:publisher\" content=\"https:\/\/www.facebook.com\/Chiesi.Foundation\/\" \/>\n<meta property=\"article:modified_time\" content=\"2026-02-25T15:07:28+00:00\" \/>\n<meta property=\"og:image\" content=\"https:\/\/www.paolochiesifoundation.org\/wp-content\/uploads\/2025\/09\/PCF-logo-pos-e1758787716100.png\" \/>\n\t<meta property=\"og:image:width\" content=\"1815\" \/>\n\t<meta property=\"og:image:height\" content=\"1145\" \/>\n\t<meta property=\"og:image:type\" content=\"image\/png\" \/>\n<meta name=\"twitter:card\" content=\"summary_large_image\" \/>\n<meta name=\"twitter:label1\" content=\"Dur\u00e9e de lecture estim\u00e9e\" \/>\n\t<meta name=\"twitter:data1\" content=\"5 minutes\" \/>\n<script type=\"application\/ld+json\" class=\"yoast-schema-graph\">{\"@context\":\"https:\\\/\\\/schema.org\",\"@graph\":[{\"@type\":\"WebPage\",\"@id\":\"https:\\\/\\\/www.paolochiesifoundation.org\\\/fr\\\/politique-confidentialite-donateurs\\\/\",\"url\":\"https:\\\/\\\/www.paolochiesifoundation.org\\\/fr\\\/politique-confidentialite-donateurs\\\/\",\"name\":\"Politique de confidentialit\u00e9 des donateurs - Paolo Chiesi Foundation\",\"isPartOf\":{\"@id\":\"https:\\\/\\\/www.paolochiesifoundation.org\\\/fr\\\/#website\"},\"datePublished\":\"2026-02-25T14:59:33+00:00\",\"dateModified\":\"2026-02-25T15:07:28+00:00\",\"breadcrumb\":{\"@id\":\"https:\\\/\\\/www.paolochiesifoundation.org\\\/fr\\\/politique-confidentialite-donateurs\\\/#breadcrumb\"},\"inLanguage\":\"fr-FR\",\"potentialAction\":[{\"@type\":\"ReadAction\",\"target\":[\"https:\\\/\\\/www.paolochiesifoundation.org\\\/fr\\\/politique-confidentialite-donateurs\\\/\"]}]},{\"@type\":\"BreadcrumbList\",\"@id\":\"https:\\\/\\\/www.paolochiesifoundation.org\\\/fr\\\/politique-confidentialite-donateurs\\\/#breadcrumb\",\"itemListElement\":[{\"@type\":\"ListItem\",\"position\":1,\"name\":\"Home\",\"item\":\"https:\\\/\\\/www.paolochiesifoundation.org\\\/fr\\\/\"},{\"@type\":\"ListItem\",\"position\":2,\"name\":\"Politique de confidentialit\u00e9 des donateurs\"}]},{\"@type\":\"WebSite\",\"@id\":\"https:\\\/\\\/www.paolochiesifoundation.org\\\/fr\\\/#website\",\"url\":\"https:\\\/\\\/www.paolochiesifoundation.org\\\/fr\\\/\",\"name\":\"Paolo Chiesi Foundation\",\"description\":\"La salute \u00e8 un diritto di tutti\",\"publisher\":{\"@id\":\"https:\\\/\\\/www.paolochiesifoundation.org\\\/fr\\\/#organization\"},\"potentialAction\":[{\"@type\":\"SearchAction\",\"target\":{\"@type\":\"EntryPoint\",\"urlTemplate\":\"https:\\\/\\\/www.paolochiesifoundation.org\\\/fr\\\/?s={search_term_string}\"},\"query-input\":{\"@type\":\"PropertyValueSpecification\",\"valueRequired\":true,\"valueName\":\"search_term_string\"}}],\"inLanguage\":\"fr-FR\"},{\"@type\":\"Organization\",\"@id\":\"https:\\\/\\\/www.paolochiesifoundation.org\\\/fr\\\/#organization\",\"name\":\"Fondation Paolo Chiesi\",\"url\":\"https:\\\/\\\/www.paolochiesifoundation.org\\\/fr\\\/\",\"logo\":{\"@type\":\"ImageObject\",\"inLanguage\":\"fr-FR\",\"@id\":\"https:\\\/\\\/www.paolochiesifoundation.org\\\/fr\\\/#\\\/schema\\\/logo\\\/image\\\/\",\"url\":\"https:\\\/\\\/www.paolochiesifoundation.org\\\/wp-content\\\/uploads\\\/2025\\\/09\\\/PCF-logo-pos-e1758787716100.png\",\"contentUrl\":\"https:\\\/\\\/www.paolochiesifoundation.org\\\/wp-content\\\/uploads\\\/2025\\\/09\\\/PCF-logo-pos-e1758787716100.png\",\"width\":1815,\"height\":1145,\"caption\":\"Fondation Paolo Chiesi\"},\"image\":{\"@id\":\"https:\\\/\\\/www.paolochiesifoundation.org\\\/fr\\\/#\\\/schema\\\/logo\\\/image\\\/\"},\"sameAs\":[\"https:\\\/\\\/www.facebook.com\\\/Chiesi.Foundation\\\/\",\"https:\\\/\\\/www.linkedin.com\\\/company\\\/chiesi-foundation\"]}]}<\/script>\n<!-- \/ Yoast SEO plugin. -->","yoast_head_json":{"title":"Politique de confidentialit\u00e9 des donateurs - Paolo Chiesi Foundation","robots":{"index":"index","follow":"follow","max-snippet":"max-snippet:-1","max-image-preview":"max-image-preview:large","max-video-preview":"max-video-preview:-1"},"canonical":"https:\/\/www.paolochiesifoundation.org\/fr\/politique-confidentialite-donateurs\/","og_locale":"fr_FR","og_type":"article","og_title":"Politique de confidentialit\u00e9 des donateurs - Paolo Chiesi Foundation","og_url":"https:\/\/www.paolochiesifoundation.org\/fr\/politique-confidentialite-donateurs\/","og_site_name":"Paolo Chiesi Foundation","article_publisher":"https:\/\/www.facebook.com\/Chiesi.Foundation\/","article_modified_time":"2026-02-25T15:07:28+00:00","og_image":[{"width":1815,"height":1145,"url":"https:\/\/www.paolochiesifoundation.org\/wp-content\/uploads\/2025\/09\/PCF-logo-pos-e1758787716100.png","type":"image\/png"}],"twitter_card":"summary_large_image","twitter_misc":{"Dur\u00e9e de lecture estim\u00e9e":"5 minutes"},"schema":{"@context":"https:\/\/schema.org","@graph":[{"@type":"WebPage","@id":"https:\/\/www.paolochiesifoundation.org\/fr\/politique-confidentialite-donateurs\/","url":"https:\/\/www.paolochiesifoundation.org\/fr\/politique-confidentialite-donateurs\/","name":"Politique de confidentialit\u00e9 des donateurs - Paolo Chiesi Foundation","isPartOf":{"@id":"https:\/\/www.paolochiesifoundation.org\/fr\/#website"},"datePublished":"2026-02-25T14:59:33+00:00","dateModified":"2026-02-25T15:07:28+00:00","breadcrumb":{"@id":"https:\/\/www.paolochiesifoundation.org\/fr\/politique-confidentialite-donateurs\/#breadcrumb"},"inLanguage":"fr-FR","potentialAction":[{"@type":"ReadAction","target":["https:\/\/www.paolochiesifoundation.org\/fr\/politique-confidentialite-donateurs\/"]}]},{"@type":"BreadcrumbList","@id":"https:\/\/www.paolochiesifoundation.org\/fr\/politique-confidentialite-donateurs\/#breadcrumb","itemListElement":[{"@type":"ListItem","position":1,"name":"Home","item":"https:\/\/www.paolochiesifoundation.org\/fr\/"},{"@type":"ListItem","position":2,"name":"Politique de confidentialit\u00e9 des donateurs"}]},{"@type":"WebSite","@id":"https:\/\/www.paolochiesifoundation.org\/fr\/#website","url":"https:\/\/www.paolochiesifoundation.org\/fr\/","name":"Paolo Chiesi Foundation","description":"La salute \u00e8 un diritto di tutti","publisher":{"@id":"https:\/\/www.paolochiesifoundation.org\/fr\/#organization"},"potentialAction":[{"@type":"SearchAction","target":{"@type":"EntryPoint","urlTemplate":"https:\/\/www.paolochiesifoundation.org\/fr\/?s={search_term_string}"},"query-input":{"@type":"PropertyValueSpecification","valueRequired":true,"valueName":"search_term_string"}}],"inLanguage":"fr-FR"},{"@type":"Organization","@id":"https:\/\/www.paolochiesifoundation.org\/fr\/#organization","name":"Fondation Paolo Chiesi","url":"https:\/\/www.paolochiesifoundation.org\/fr\/","logo":{"@type":"ImageObject","inLanguage":"fr-FR","@id":"https:\/\/www.paolochiesifoundation.org\/fr\/#\/schema\/logo\/image\/","url":"https:\/\/www.paolochiesifoundation.org\/wp-content\/uploads\/2025\/09\/PCF-logo-pos-e1758787716100.png","contentUrl":"https:\/\/www.paolochiesifoundation.org\/wp-content\/uploads\/2025\/09\/PCF-logo-pos-e1758787716100.png","width":1815,"height":1145,"caption":"Fondation Paolo Chiesi"},"image":{"@id":"https:\/\/www.paolochiesifoundation.org\/fr\/#\/schema\/logo\/image\/"},"sameAs":["https:\/\/www.facebook.com\/Chiesi.Foundation\/","https:\/\/www.linkedin.com\/company\/chiesi-foundation"]}]}},"_links":{"self":[{"href":"https:\/\/www.paolochiesifoundation.org\/fr\/wp-json\/wp\/v2\/pages\/16640","targetHints":{"allow":["GET"]}}],"collection":[{"href":"https:\/\/www.paolochiesifoundation.org\/fr\/wp-json\/wp\/v2\/pages"}],"about":[{"href":"https:\/\/www.paolochiesifoundation.org\/fr\/wp-json\/wp\/v2\/types\/page"}],"author":[{"embeddable":true,"href":"https:\/\/www.paolochiesifoundation.org\/fr\/wp-json\/wp\/v2\/users\/9"}],"replies":[{"embeddable":true,"href":"https:\/\/www.paolochiesifoundation.org\/fr\/wp-json\/wp\/v2\/comments?post=16640"}],"version-history":[{"count":5,"href":"https:\/\/www.paolochiesifoundation.org\/fr\/wp-json\/wp\/v2\/pages\/16640\/revisions"}],"predecessor-version":[{"id":16657,"href":"https:\/\/www.paolochiesifoundation.org\/fr\/wp-json\/wp\/v2\/pages\/16640\/revisions\/16657"}],"wp:attachment":[{"href":"https:\/\/www.paolochiesifoundation.org\/fr\/wp-json\/wp\/v2\/media?parent=16640"}],"curies":[{"name":"wp","href":"https:\/\/api.w.org\/{rel}","templated":true}]}}