{"id":7332,"date":"2022-10-04T08:21:43","date_gmt":"2022-10-04T08:21:43","guid":{"rendered":"https:\/\/www.chiesifoundation.org\/politica-de-cookies\/"},"modified":"2025-11-03T13:50:12","modified_gmt":"2025-11-03T13:50:12","slug":"politica-de-cookies","status":"publish","type":"page","link":"https:\/\/www.paolochiesifoundation.org\/es\/politica-de-cookies\/","title":{"rendered":"Pol\u00edtica de cookies"},"content":{"rendered":"<div class=\"fusion-fullwidth fullwidth-box fusion-builder-row-1 fusion-flex-container has-pattern-background has-mask-background nonhundred-percent-fullwidth non-hundred-percent-height-scrolling\" style=\"--awb-border-radius-top-left:0px;--awb-border-radius-top-right:0px;--awb-border-radius-bottom-right:0px;--awb-border-radius-bottom-left:0px;--awb-flex-wrap:wrap;\" ><div class=\"fusion-builder-row fusion-row fusion-flex-align-items-flex-start fusion-flex-content-wrap\" style=\"max-width:1216.8px;margin-left: calc(-4% \/ 2 );margin-right: calc(-4% \/ 2 );\"><div class=\"fusion-layout-column fusion_builder_column fusion-builder-column-0 fusion_builder_column_1_1 1_1 fusion-flex-column\" style=\"--awb-bg-size:cover;--awb-width-large:100%;--awb-margin-top-large:45px;--awb-spacing-right-large:1.92%;--awb-margin-bottom-large:20px;--awb-spacing-left-large:1.92%;--awb-width-medium:100%;--awb-order-medium:0;--awb-spacing-right-medium:1.92%;--awb-spacing-left-medium:1.92%;--awb-width-small:100%;--awb-order-small:0;--awb-spacing-right-small:1.92%;--awb-spacing-left-small:1.92%;\"><div class=\"fusion-column-wrapper fusion-column-has-shadow fusion-flex-justify-content-flex-start fusion-content-layout-column\"><div class=\"fusion-text fusion-text-1\"><h3>Pol\u00edtica de cookies de paolochiesifoundation.org<\/h3>\n<p>Las cookies son peque\u00f1os archivos de datos que un sitio web env\u00eda y que se almacenan en la memoria de tu navegador. Las cookies pueden ser necesarias para que un sitio web funcione correctamente, ya que los sitios web no mantienen estado (no recuerdan la informaci\u00f3n del usuario de una p\u00e1gina interna a otra), pero a veces se utilizan para rastrear las acciones del usuario dentro de un sitio web o en varios sitios web con el fin de recopilar informaci\u00f3n de uso o identificar intereses y analizar el comportamiento para poder ofrecer publicidad relevante. Cuando los sitios web utilizan la plataforma de gesti\u00f3n de consentimiento Acconsento.click, te ofrecen la posibilidad de&#8230;<br \/>\nLa posibilidad de permitir o rechazar ciertas categor\u00edas de cookies ayuda a proteger su privacidad. A continuaci\u00f3n, se describen las <strong>categor\u00edas de cookies m\u00e1s comunes:<\/strong> <\/p>\n<h4><strong>Cookies necesarias<\/strong><\/h4>\n<p>Las cookies necesarias son esenciales para el correcto funcionamiento de un sitio web. Generalmente no se utilizan para el seguimiento ni se comparten entre sitios web. La acci\u00f3n m\u00e1s com\u00fan que se realiza mediante una cookie es la autenticaci\u00f3n del usuario. Al acceder a cualquier sitio web, su navegador muestra una cookie.<x id=\"gid_0\"><\/x> Almacena una cookie que incluye datos que el sitio web utiliza para recordar qui\u00e9n ha iniciado sesi\u00f3n cuando accede a otra p\u00e1gina interna o actualiza la p\u00e1gina. Las cookies tambi\u00e9n se utilizan para que el sitio web sepa qu\u00e9 art\u00edculos tiene en su carrito de compra, para proporcionar informaci\u00f3n sobre el equilibrio de carga y para otras funciones.   <\/p>\n<h4><strong>cookies propias<\/strong><\/h4>\n<p>Las cookies propias permiten que el sitio web recuerde informaci\u00f3n para personalizar su apariencia o comportamiento para cada usuario. Esto puede incluir recordar la moneda, la regi\u00f3n, el idioma o el tema de color seleccionados. <\/p>\n<h4><strong>cookies de seguimiento<\/strong><\/h4>\n<p>Las cookies de seguimiento no son esenciales, pero se utilizan para recopilar informaci\u00f3n valiosa sobre c\u00f3mo se usa un sitio web, identificar problemas y comprender qu\u00e9 se debe mejorar y qu\u00e9 contenido resulta \u00fatil. La informaci\u00f3n recopilada es mayormente an\u00f3nima, pero algunos servicios de an\u00e1lisis&#8230;<br \/>\n Recopilar informaci\u00f3n que pueda utilizarse para identificar al usuario. <\/p>\n<h4><strong>Cookies de marketing<\/strong><\/h4>\n<p>Las cookies de marketing se utilizan para rastrear a los visitantes en distintos sitios web y as\u00ed permitir a los editores mostrar anuncios relevantes e interesantes. Este sitio utiliza diferentes tipos de cookies, y usted puede cambiar o retirar su consentimiento en cualquier momento.<br \/>\n La ley establece que podemos almacenar cookies en su dispositivo si son estrictamente necesarias para el funcionamiento de este sitio web. Para todos los dem\u00e1s tipos de cookies, necesitamos su consentimiento expl\u00edcito.<x id=\"gid_1\"><\/x> Esto significa que las cookies clasificadas como necesarias se procesan de conformidad con el art\u00edculo 6, apartado 1, letra f), \u00abLicitud del tratamiento\u00bb del RGPD. El resto de cookies, es decir, las propias y las de marketing, solo se activar\u00e1n con su consentimiento expl\u00edcito.<x id=\"gid_2\"><\/x> Este sitio web utiliza varios tipos de cookies. Algunas cookies pueden estar relacionadas con servicios de terceros que aparecen en nuestras p\u00e1ginas.<br \/>\n Puede modificar o retirar su consentimiento en cualquier momento a trav\u00e9s de la secci\u00f3n de Gesti\u00f3n de cookies.&gt; El gestor de cookies se encuentra en el centro de control de privacidad y siempre es accesible durante la navegaci\u00f3n a trav\u00e9s del \u00abcandado de privacidad\u00bb.<br \/>\n Desde el centro de control, puede obtener m\u00e1s informaci\u00f3n sobre c\u00f3mo procesamos sus datos personales consultando nuestra Pol\u00edtica de Privacidad en la secci\u00f3n correspondiente.&gt; Mostrar informaci\u00f3n. Por favor, indique su ID de consentimiento y la fecha en que se puso en contacto con nosotros en relaci\u00f3n con su consentimiento.     <\/p>\n<p><strong>__Secure-ENID<br \/>\n<\/strong> <em>Segmentaci\u00f3n\/Publicidad<\/em><\/p>\n<p>Este dominio pertenece a Google Inc. Si bien Google es conocido principalmente como un motor de b\u00fasqueda, la empresa ofrece una amplia gama de productos y servicios. Su principal fuente de ingresos, sin embargo, es la publicidad. Google realiza un seguimiento exhaustivo de los usuarios tanto a trav\u00e9s de sus propios productos y sitios web como mediante las numerosas tecnolog\u00edas integradas en millones de sitios web de todo el mundo. Utiliza los datos recopilados de la mayor\u00eda de estos servicios para perfilar los intereses de los usuarios web y vender espacios publicitarios a organizaciones bas\u00e1ndose en dichos perfiles, adem\u00e1s de alinear los anuncios con el contenido de las p\u00e1ginas donde aparecen los anuncios de sus clientes.    <\/p>\n<p><strong>_Georgia<br \/>\n<\/strong> <em>Actuaci\u00f3n<\/em><\/p>\n<p>Este nombre de cookie est\u00e1 asociado con Google Universal Analytics, que es una actualizaci\u00f3n importante del servicio de an\u00e1lisis de Google m\u00e1s utilizado.<br \/>\n Esta cookie se utiliza para distinguir a los usuarios \u00fanicos mediante la asignaci\u00f3n de un n\u00famero generado aleatoriamente como identificador de cliente. Se incluye en cada solicitud de p\u00e1gina del sitio y se utiliza para calcular los datos de visitantes, sesiones y campa\u00f1as para los informes de an\u00e1lisis del sitio. Por defecto, caduca a los dos a\u00f1os, aunque los propietarios del sitio web pueden personalizar este plazo. Para obtener m\u00e1s informaci\u00f3n sobre el tratamiento de sus datos personales por parte de Google, consulte la p\u00e1gina <a href=\"https:\/\/business.safety.google\/privacy\/\">de Privacidad y Condiciones<\/a> de Google <a>.<\/a>   <\/p>\n<p><strong><a>_ga_ZC0EQJM1V6<br \/>\n<\/a><\/strong> <em><a>Actuaci\u00f3n<\/a><\/em><\/p>\n<p><a>Utilizada por Google Analytics para identificar y realizar un seguimiento de una sesi\u00f3n individual con su dispositivo.<\/a><\/p>\n<p><a><strong>_icl_visitor_lang_js<br \/>\n<\/strong><\/a> <em><a>Funcionalidad<\/a><\/em><\/p>\n<p><a>Esta cookie se utiliza para almacenar la preferencia de idioma de un usuario para proporcionarle contenido en ese idioma almacenado la pr\u00f3xima vez que visite el sitio web.<\/a><\/p>\n<p><a><strong>wp-wpml_lenguaje_actual<br \/>\n<\/strong><\/a> <a><em>Funcionalidad<\/em><\/a><\/p>\n<p><a>Esta cookie se utiliza para almacenar el idioma actual del usuario del sitio. Normalmente est\u00e1 asociada al plugin de WordPress WPML, que se utiliza para gestionar sitios web multiling\u00fces. <\/a><\/p>\n<p><a><strong>wpml_browser_redirect_test<br \/>\n<\/strong><\/a> <a><em>Funcionalidad<\/em><\/a><\/p>\n<p><a>Esta cookie est\u00e1 asociada al plugin de WordPress WPML, que se utiliza para gestionar sitios web multiling\u00fces.<\/a><\/p>\n<p><strong><a>INFORMACI\u00d3N_VISITANTE1_EN_VIVO<br \/>\n<\/a><\/strong> <a><em>Segmentaci\u00f3n\/Publicidad<\/em><\/a><\/p>\n<p><a>YouTube es una plataforma propiedad de Google para alojar y compartir v\u00eddeos. YouTube recopila datos de usuario a trav\u00e9s de v\u00eddeos insertados en sitios web, que se combinan con datos de perfil de otros servicios de Google para mostrar publicidad dirigida a los visitantes web en una amplia gama de sitios web, tanto propios como de terceros.<br \/>\n<\/a><\/p>\n<p><a><strong>METADATOS DE PRIVACIDAD DEL VISITANTE<br \/>\n<\/strong><\/a> <a><em>Segmentaci\u00f3n\/Publicidad<\/em><\/a><\/p>\n<p><a>YouTube es una plataforma propiedad de Google para alojar y compartir v\u00eddeos. YouTube recopila datos de usuario a trav\u00e9s de v\u00eddeos insertados en sitios web, que se combinan con datos de perfil de otros servicios de Google para mostrar publicidad dirigida a los visitantes web en una amplia gama de sitios web, tanto propios como de terceros.<br \/>\n<\/a><\/p>\n<p><a><strong>YSC<br \/>\n<\/strong><\/a> <a><em>Segmentaci\u00f3n\/Publicidad<\/em><\/a><\/p>\n<p><a>YouTube es una plataforma propiedad de Google para alojar y compartir v\u00eddeos. YouTube recopila datos de usuario a trav\u00e9s de v\u00eddeos insertados en sitios web, que se combinan con datos de perfil de otros servicios de Google para mostrar publicidad dirigida a los visitantes web en una amplia gama de plataformas propias y de terceros.<br \/>\n<\/a><\/p>\n<p><a><strong>__TOKE DE DESPLIEGUE SEGURO<br \/>\n<\/strong><\/a> <a><em>Segmentaci\u00f3n\/Publicidad<\/em><\/a><\/p>\n<p><a>YouTube es una plataforma propiedad de Google para alojar y compartir v\u00eddeos. YouTube recopila datos de usuario a trav\u00e9s de v\u00eddeos insertados en sitios web, que se combinan con datos de perfil de otros servicios de Google para mostrar publicidad dirigida a los visitantes web en una amplia gama de sitios web, tanto propios como de terceros.<br \/>\n<\/a><\/p>\n<p><a><strong>__Secure-YNID<br \/>\n<\/strong><\/a> <a><em>Segmentaci\u00f3n\/Publicidad<\/em><\/a><\/p>\n<p><a>YouTube es una plataforma propiedad de Google para alojar y compartir v\u00eddeos. YouTube recopila datos de usuario a trav\u00e9s de v\u00eddeos insertados en sitios web, que se combinan con datos de perfil de otros servicios de Google para mostrar publicidad dirigida a los visitantes web en una amplia gama de sitios web, tanto propios como de terceros. <\/a><\/p>\n<\/div><\/div><\/div><\/div><\/div>\n","protected":false},"excerpt":{"rendered":"","protected":false},"author":1,"featured_media":0,"parent":0,"menu_order":0,"comment_status":"closed","ping_status":"closed","template":"100-width.php","meta":{"footnotes":""},"class_list":["post-7332","page","type-page","status-publish","hentry"],"yoast_head":"<!-- This site is optimized with the Yoast SEO plugin v27.5 - https:\/\/yoast.com\/product\/yoast-seo-wordpress\/ -->\n<title>Pol\u00edtica de cookies - Paolo Chiesi Foundation<\/title>\n<meta name=\"robots\" content=\"index, follow, max-snippet:-1, max-image-preview:large, max-video-preview:-1\" \/>\n<link rel=\"canonical\" href=\"https:\/\/www.paolochiesifoundation.org\/es\/politica-de-cookies\/\" \/>\n<meta property=\"og:locale\" content=\"es_ES\" \/>\n<meta property=\"og:type\" content=\"article\" \/>\n<meta property=\"og:title\" content=\"Pol\u00edtica de cookies - Paolo Chiesi Foundation\" \/>\n<meta property=\"og:url\" content=\"https:\/\/www.paolochiesifoundation.org\/es\/politica-de-cookies\/\" \/>\n<meta property=\"og:site_name\" content=\"Paolo Chiesi Foundation\" \/>\n<meta property=\"article:publisher\" content=\"https:\/\/www.facebook.com\/Chiesi.Foundation\/\" \/>\n<meta property=\"article:modified_time\" content=\"2025-11-03T13:50:12+00:00\" \/>\n<meta property=\"og:image\" content=\"https:\/\/www.paolochiesifoundation.org\/wp-content\/uploads\/2025\/09\/PCF-logo-pos-e1758787716100.png\" \/>\n\t<meta property=\"og:image:width\" content=\"1815\" \/>\n\t<meta property=\"og:image:height\" content=\"1145\" \/>\n\t<meta property=\"og:image:type\" content=\"image\/png\" \/>\n<meta name=\"twitter:card\" content=\"summary_large_image\" \/>\n<meta name=\"twitter:label1\" content=\"Tiempo de lectura\" \/>\n\t<meta name=\"twitter:data1\" content=\"11 minutos\" \/>\n<script type=\"application\/ld+json\" class=\"yoast-schema-graph\">{\"@context\":\"https:\\\/\\\/schema.org\",\"@graph\":[{\"@type\":\"WebPage\",\"@id\":\"https:\\\/\\\/www.paolochiesifoundation.org\\\/es\\\/politica-de-cookies\\\/\",\"url\":\"https:\\\/\\\/www.paolochiesifoundation.org\\\/es\\\/politica-de-cookies\\\/\",\"name\":\"Pol\u00edtica de cookies - Paolo Chiesi Foundation\",\"isPartOf\":{\"@id\":\"https:\\\/\\\/www.paolochiesifoundation.org\\\/es\\\/#website\"},\"datePublished\":\"2022-10-04T08:21:43+00:00\",\"dateModified\":\"2025-11-03T13:50:12+00:00\",\"breadcrumb\":{\"@id\":\"https:\\\/\\\/www.paolochiesifoundation.org\\\/es\\\/politica-de-cookies\\\/#breadcrumb\"},\"inLanguage\":\"es\",\"potentialAction\":[{\"@type\":\"ReadAction\",\"target\":[\"https:\\\/\\\/www.paolochiesifoundation.org\\\/es\\\/politica-de-cookies\\\/\"]}]},{\"@type\":\"BreadcrumbList\",\"@id\":\"https:\\\/\\\/www.paolochiesifoundation.org\\\/es\\\/politica-de-cookies\\\/#breadcrumb\",\"itemListElement\":[{\"@type\":\"ListItem\",\"position\":1,\"name\":\"Home\",\"item\":\"https:\\\/\\\/www.paolochiesifoundation.org\\\/es\\\/\"},{\"@type\":\"ListItem\",\"position\":2,\"name\":\"Pol\u00edtica de cookies\"}]},{\"@type\":\"WebSite\",\"@id\":\"https:\\\/\\\/www.paolochiesifoundation.org\\\/es\\\/#website\",\"url\":\"https:\\\/\\\/www.paolochiesifoundation.org\\\/es\\\/\",\"name\":\"Paolo Chiesi Foundation\",\"description\":\"La salute \u00e8 un diritto di tutti\",\"publisher\":{\"@id\":\"https:\\\/\\\/www.paolochiesifoundation.org\\\/es\\\/#organization\"},\"potentialAction\":[{\"@type\":\"SearchAction\",\"target\":{\"@type\":\"EntryPoint\",\"urlTemplate\":\"https:\\\/\\\/www.paolochiesifoundation.org\\\/es\\\/?s={search_term_string}\"},\"query-input\":{\"@type\":\"PropertyValueSpecification\",\"valueRequired\":true,\"valueName\":\"search_term_string\"}}],\"inLanguage\":\"es\"},{\"@type\":\"Organization\",\"@id\":\"https:\\\/\\\/www.paolochiesifoundation.org\\\/es\\\/#organization\",\"name\":\"Fundaci\u00f3n Paolo Chiesi\",\"url\":\"https:\\\/\\\/www.paolochiesifoundation.org\\\/es\\\/\",\"logo\":{\"@type\":\"ImageObject\",\"inLanguage\":\"es\",\"@id\":\"https:\\\/\\\/www.paolochiesifoundation.org\\\/es\\\/#\\\/schema\\\/logo\\\/image\\\/\",\"url\":\"https:\\\/\\\/www.paolochiesifoundation.org\\\/wp-content\\\/uploads\\\/2025\\\/09\\\/PCF-logo-pos-e1758787716100.png\",\"contentUrl\":\"https:\\\/\\\/www.paolochiesifoundation.org\\\/wp-content\\\/uploads\\\/2025\\\/09\\\/PCF-logo-pos-e1758787716100.png\",\"width\":1815,\"height\":1145,\"caption\":\"Fundaci\u00f3n Paolo Chiesi\"},\"image\":{\"@id\":\"https:\\\/\\\/www.paolochiesifoundation.org\\\/es\\\/#\\\/schema\\\/logo\\\/image\\\/\"},\"sameAs\":[\"https:\\\/\\\/www.facebook.com\\\/Chiesi.Foundation\\\/\",\"https:\\\/\\\/www.linkedin.com\\\/company\\\/chiesi-foundation\"]}]}<\/script>\n<!-- \/ Yoast SEO plugin. -->","yoast_head_json":{"title":"Pol\u00edtica de cookies - Paolo Chiesi Foundation","robots":{"index":"index","follow":"follow","max-snippet":"max-snippet:-1","max-image-preview":"max-image-preview:large","max-video-preview":"max-video-preview:-1"},"canonical":"https:\/\/www.paolochiesifoundation.org\/es\/politica-de-cookies\/","og_locale":"es_ES","og_type":"article","og_title":"Pol\u00edtica de cookies - Paolo Chiesi Foundation","og_url":"https:\/\/www.paolochiesifoundation.org\/es\/politica-de-cookies\/","og_site_name":"Paolo Chiesi Foundation","article_publisher":"https:\/\/www.facebook.com\/Chiesi.Foundation\/","article_modified_time":"2025-11-03T13:50:12+00:00","og_image":[{"width":1815,"height":1145,"url":"https:\/\/www.paolochiesifoundation.org\/wp-content\/uploads\/2025\/09\/PCF-logo-pos-e1758787716100.png","type":"image\/png"}],"twitter_card":"summary_large_image","twitter_misc":{"Tiempo de lectura":"11 minutos"},"schema":{"@context":"https:\/\/schema.org","@graph":[{"@type":"WebPage","@id":"https:\/\/www.paolochiesifoundation.org\/es\/politica-de-cookies\/","url":"https:\/\/www.paolochiesifoundation.org\/es\/politica-de-cookies\/","name":"Pol\u00edtica de cookies - Paolo Chiesi Foundation","isPartOf":{"@id":"https:\/\/www.paolochiesifoundation.org\/es\/#website"},"datePublished":"2022-10-04T08:21:43+00:00","dateModified":"2025-11-03T13:50:12+00:00","breadcrumb":{"@id":"https:\/\/www.paolochiesifoundation.org\/es\/politica-de-cookies\/#breadcrumb"},"inLanguage":"es","potentialAction":[{"@type":"ReadAction","target":["https:\/\/www.paolochiesifoundation.org\/es\/politica-de-cookies\/"]}]},{"@type":"BreadcrumbList","@id":"https:\/\/www.paolochiesifoundation.org\/es\/politica-de-cookies\/#breadcrumb","itemListElement":[{"@type":"ListItem","position":1,"name":"Home","item":"https:\/\/www.paolochiesifoundation.org\/es\/"},{"@type":"ListItem","position":2,"name":"Pol\u00edtica de cookies"}]},{"@type":"WebSite","@id":"https:\/\/www.paolochiesifoundation.org\/es\/#website","url":"https:\/\/www.paolochiesifoundation.org\/es\/","name":"Paolo Chiesi Foundation","description":"La salute \u00e8 un diritto di tutti","publisher":{"@id":"https:\/\/www.paolochiesifoundation.org\/es\/#organization"},"potentialAction":[{"@type":"SearchAction","target":{"@type":"EntryPoint","urlTemplate":"https:\/\/www.paolochiesifoundation.org\/es\/?s={search_term_string}"},"query-input":{"@type":"PropertyValueSpecification","valueRequired":true,"valueName":"search_term_string"}}],"inLanguage":"es"},{"@type":"Organization","@id":"https:\/\/www.paolochiesifoundation.org\/es\/#organization","name":"Fundaci\u00f3n Paolo Chiesi","url":"https:\/\/www.paolochiesifoundation.org\/es\/","logo":{"@type":"ImageObject","inLanguage":"es","@id":"https:\/\/www.paolochiesifoundation.org\/es\/#\/schema\/logo\/image\/","url":"https:\/\/www.paolochiesifoundation.org\/wp-content\/uploads\/2025\/09\/PCF-logo-pos-e1758787716100.png","contentUrl":"https:\/\/www.paolochiesifoundation.org\/wp-content\/uploads\/2025\/09\/PCF-logo-pos-e1758787716100.png","width":1815,"height":1145,"caption":"Fundaci\u00f3n Paolo Chiesi"},"image":{"@id":"https:\/\/www.paolochiesifoundation.org\/es\/#\/schema\/logo\/image\/"},"sameAs":["https:\/\/www.facebook.com\/Chiesi.Foundation\/","https:\/\/www.linkedin.com\/company\/chiesi-foundation"]}]}},"_links":{"self":[{"href":"https:\/\/www.paolochiesifoundation.org\/es\/wp-json\/wp\/v2\/pages\/7332","targetHints":{"allow":["GET"]}}],"collection":[{"href":"https:\/\/www.paolochiesifoundation.org\/es\/wp-json\/wp\/v2\/pages"}],"about":[{"href":"https:\/\/www.paolochiesifoundation.org\/es\/wp-json\/wp\/v2\/types\/page"}],"author":[{"embeddable":true,"href":"https:\/\/www.paolochiesifoundation.org\/es\/wp-json\/wp\/v2\/users\/1"}],"replies":[{"embeddable":true,"href":"https:\/\/www.paolochiesifoundation.org\/es\/wp-json\/wp\/v2\/comments?post=7332"}],"version-history":[{"count":2,"href":"https:\/\/www.paolochiesifoundation.org\/es\/wp-json\/wp\/v2\/pages\/7332\/revisions"}],"predecessor-version":[{"id":15327,"href":"https:\/\/www.paolochiesifoundation.org\/es\/wp-json\/wp\/v2\/pages\/7332\/revisions\/15327"}],"wp:attachment":[{"href":"https:\/\/www.paolochiesifoundation.org\/es\/wp-json\/wp\/v2\/media?parent=7332"}],"curies":[{"name":"wp","href":"https:\/\/api.w.org\/{rel}","templated":true}]}}