{"id":7295,"date":"2022-10-04T08:18:00","date_gmt":"2022-10-04T08:18:00","guid":{"rendered":"https:\/\/www.chiesifoundation.org\/politica-de-privacidad\/"},"modified":"2026-02-19T08:08:39","modified_gmt":"2026-02-19T08:08:39","slug":"politica-de-privacidad","status":"publish","type":"page","link":"https:\/\/www.paolochiesifoundation.org\/es\/politica-de-privacidad\/","title":{"rendered":"Pol\u00edtica de privacidad"},"content":{"rendered":"<div class=\"fusion-fullwidth fullwidth-box fusion-builder-row-1 fusion-flex-container has-pattern-background has-mask-background nonhundred-percent-fullwidth non-hundred-percent-height-scrolling\" style=\"--awb-border-radius-top-left:0px;--awb-border-radius-top-right:0px;--awb-border-radius-bottom-right:0px;--awb-border-radius-bottom-left:0px;--awb-flex-wrap:wrap;\" ><div class=\"fusion-builder-row fusion-row fusion-flex-align-items-flex-start fusion-flex-content-wrap\" style=\"max-width:1216.8px;margin-left: calc(-4% \/ 2 );margin-right: calc(-4% \/ 2 );\"><div class=\"fusion-layout-column fusion_builder_column fusion-builder-column-0 fusion_builder_column_1_1 1_1 fusion-flex-column\" style=\"--awb-bg-size:cover;--awb-width-large:100%;--awb-margin-top-large:45px;--awb-spacing-right-large:1.92%;--awb-margin-bottom-large:20px;--awb-spacing-left-large:1.92%;--awb-width-medium:100%;--awb-order-medium:0;--awb-spacing-right-medium:1.92%;--awb-spacing-left-medium:1.92%;--awb-width-small:100%;--awb-order-small:0;--awb-spacing-right-small:1.92%;--awb-spacing-left-small:1.92%;\"><div class=\"fusion-column-wrapper fusion-column-has-shadow fusion-flex-justify-content-flex-start fusion-content-layout-column\"><div class=\"fusion-text fusion-text-1\"><p>Esta Pol\u00edtica de Privacidad rige la manera en que la Fundaci\u00f3n Paolo Chiesi recopila, utiliza, mantiene y divulga la informaci\u00f3n recopilada de los usuarios (cada uno, un \u201cUsuario\u201d) del sitio web www.paolochiesifoundation.org (\u201cSitio\u201d).<\/p>\n<p>Esta pol\u00edtica de privacidad se aplica al Sitio y a todos los productos y servicios ofrecidos por la Fundaci\u00f3n Paolo Chiesi.<\/p>\n<p><strong>Informaci\u00f3n de identificaci\u00f3n personal<\/strong><\/p>\n<p>Podemos recopilar informaci\u00f3n de identificaci\u00f3n personal de los Usuarios de diversas maneras, incluyendo, entre otras, cuando visitan nuestro sitio, completan un formulario y en relaci\u00f3n con otras actividades, servicios, funciones o recursos que ponemos a su disposici\u00f3n en nuestro sitio. Es posible que se les solicite su direcci\u00f3n de correo electr\u00f3nico, si corresponde. Sin embargo, los Usuarios pueden visitar nuestro sitio de forma an\u00f3nima.  <\/p>\n<p>Recopilamos informaci\u00f3n de identificaci\u00f3n personal de los usuarios solo si nos env\u00edan voluntariamente dicha informaci\u00f3n. Los usuarios siempre pueden negarse a proporcionar informaci\u00f3n de identificaci\u00f3n personal, a menos que les impida participar en ciertas actividades relacionadas con el sitio.<\/p>\n<p><strong>Informaci\u00f3n de identificaci\u00f3n no personal<\/strong><\/p>\n<p>Podemos recopilar informaci\u00f3n de identificaci\u00f3n no personal de los usuarios cada vez que interact\u00faan con nuestro sitio. La informaci\u00f3n de identificaci\u00f3n no personal puede incluir el nombre de su navegador, el tipo de computadora y la informaci\u00f3n t\u00e9cnica relacionada con nuestro sitio, como el sistema operativo y los proveedores de servicios de Internet utilizados y otra informaci\u00f3n similar.<\/p>\n<p><strong>C\u00f3mo utilizamos la informaci\u00f3n recopilada<\/strong><\/p>\n<p>La Fundaci\u00f3n Paolo Chiesi podr\u00e1 recopilar y utilizar la informaci\u00f3n personal de los usuarios para los siguientes fines:<\/p>\n<ul>\n<li>Para mejorar nuestro sitio<\/li>\n<li>Para enviar correos electr\u00f3nicos peri\u00f3dicos<\/li>\n<li>Si decides unirte a nuestra lista de correo, recibir\u00e1s correos electr\u00f3nicos que pueden incluir noticias sobre la Fundaci\u00f3n, actualizaciones, informaci\u00f3n sobre proyectos e iniciativas, etc.<\/li>\n<\/ul>\n<p><strong>C\u00f3mo protegemos la informaci\u00f3n<\/strong><\/p>\n<p>Tomamos medidas adecuadas de recopilaci\u00f3n, almacenamiento y procesamiento de datos y seguridad para evitar el acceso no autorizado, la alteraci\u00f3n, la divulgaci\u00f3n o la destrucci\u00f3n de sus datos, nombre de usuario, contrase\u00f1a, informaci\u00f3n de transacciones y datos personales almacenados en nuestro sitio.<\/p>\n<p><strong>Compartir informaci\u00f3n personal<\/strong><\/p>\n<p>No vendemos, intercambiamos ni alquilamos informaci\u00f3n de identificaci\u00f3n personal del usuario a terceros.<\/p>\n<p>Sitios web de terceros. Los usuarios pueden encontrar otro contenido en nuestro sitio que apunta a los sitios de nuestros socios, proveedores, patrocinadores, licenciatarios y otros terceros. No controlamos el contenido ni los enlaces que aparecen en estos sitios y no somos responsables de las pr\u00e1cticas empleadas por los sitios web vinculados o nuestro sitio. Adem\u00e1s, estos sitios o servicios, incluidos sus contenidos y enlaces, pueden estar en constante evoluci\u00f3n. Estos sitios y servicios pueden tener sus propias pol\u00edticas de privacidad y pol\u00edticas de servicio al cliente. La navegaci\u00f3n e interacci\u00f3n en cualquier otro sitio web, incluidos los sitios web que tienen un enlace a nuestro sitio, est\u00e1 sujeta a los t\u00e9rminos y pol\u00edticas de ese sitio web.<\/p>\n<p><strong>Cambios a esta declaraci\u00f3n de privacidad<\/strong><\/p>\n<p>La Fundaci\u00f3n Paolo Chiesi se reserva el derecho de actualizar esta pol\u00edtica de privacidad en cualquier momento. Alentamos a los usuarios a consultar con frecuencia esta p\u00e1gina para ver si hay cambios y mantenerse informados sobre c\u00f3mo ayudamos a proteger la informaci\u00f3n personal que recopilamos. Usted reconoce y acepta que es su responsabilidad revisar estas pol\u00edticas peri\u00f3dicamente y estar al tanto de cualquier cambio.<\/p>\n<p><strong>Aceptaci\u00f3n de estos t\u00e9rminos<\/strong><\/p>\n<p>El uso de este sitio implica la aceptaci\u00f3n de esta pol\u00edtica. Si no est\u00e1 de acuerdo con esta pol\u00edtica, no utilice nuestro sitio. Su uso continuado del Sitio despu\u00e9s de la publicaci\u00f3n de cambios a esta pol\u00edtica implica su aceptaci\u00f3n de dichos cambios.<\/p>\n<p><strong>Cont\u00e1ctenos<\/strong><\/p>\n<p>Si tiene alguna pregunta sobre esta Pol\u00edtica de privacidad, las pr\u00e1cticas de este sitio o sus relaciones con este sitio, cont\u00e1ctenos a: <a href=\"mailto:info@paolochiesifoundation.org\" target=\"_blank\" rel=\"noopener\">info@paolochiesifoundation.org<\/a> .<\/p>\n<\/div><\/div><\/div><\/div><\/div>\n","protected":false},"excerpt":{"rendered":"","protected":false},"author":1,"featured_media":0,"parent":0,"menu_order":0,"comment_status":"closed","ping_status":"closed","template":"100-width.php","meta":{"footnotes":""},"class_list":["post-7295","page","type-page","status-publish","hentry"],"yoast_head":"<!-- This site is optimized with the Yoast SEO plugin v27.5 - https:\/\/yoast.com\/product\/yoast-seo-wordpress\/ -->\n<title>Pol\u00edtica de privacidad - Paolo Chiesi Foundation<\/title>\n<meta name=\"robots\" content=\"index, follow, max-snippet:-1, max-image-preview:large, max-video-preview:-1\" \/>\n<link rel=\"canonical\" href=\"https:\/\/www.paolochiesifoundation.org\/es\/politica-de-privacidad\/\" \/>\n<meta property=\"og:locale\" content=\"es_ES\" \/>\n<meta property=\"og:type\" content=\"article\" \/>\n<meta property=\"og:title\" content=\"Pol\u00edtica de privacidad - Paolo Chiesi Foundation\" \/>\n<meta property=\"og:url\" content=\"https:\/\/www.paolochiesifoundation.org\/es\/politica-de-privacidad\/\" \/>\n<meta property=\"og:site_name\" content=\"Paolo Chiesi Foundation\" \/>\n<meta property=\"article:publisher\" content=\"https:\/\/www.facebook.com\/Chiesi.Foundation\/\" \/>\n<meta property=\"article:modified_time\" content=\"2026-02-19T08:08:39+00:00\" \/>\n<meta property=\"og:image\" content=\"https:\/\/www.paolochiesifoundation.org\/wp-content\/uploads\/2025\/09\/PCF-logo-pos-e1758787716100.png\" \/>\n\t<meta property=\"og:image:width\" content=\"1815\" \/>\n\t<meta property=\"og:image:height\" content=\"1145\" \/>\n\t<meta property=\"og:image:type\" content=\"image\/png\" \/>\n<meta name=\"twitter:card\" content=\"summary_large_image\" \/>\n<meta name=\"twitter:label1\" content=\"Tiempo de lectura\" \/>\n\t<meta name=\"twitter:data1\" content=\"6 minutos\" \/>\n<script type=\"application\/ld+json\" class=\"yoast-schema-graph\">{\"@context\":\"https:\\\/\\\/schema.org\",\"@graph\":[{\"@type\":\"WebPage\",\"@id\":\"https:\\\/\\\/www.paolochiesifoundation.org\\\/es\\\/politica-de-privacidad\\\/\",\"url\":\"https:\\\/\\\/www.paolochiesifoundation.org\\\/es\\\/politica-de-privacidad\\\/\",\"name\":\"Pol\u00edtica de privacidad - Paolo Chiesi Foundation\",\"isPartOf\":{\"@id\":\"https:\\\/\\\/www.paolochiesifoundation.org\\\/es\\\/#website\"},\"datePublished\":\"2022-10-04T08:18:00+00:00\",\"dateModified\":\"2026-02-19T08:08:39+00:00\",\"breadcrumb\":{\"@id\":\"https:\\\/\\\/www.paolochiesifoundation.org\\\/es\\\/politica-de-privacidad\\\/#breadcrumb\"},\"inLanguage\":\"es\",\"potentialAction\":[{\"@type\":\"ReadAction\",\"target\":[\"https:\\\/\\\/www.paolochiesifoundation.org\\\/es\\\/politica-de-privacidad\\\/\"]}]},{\"@type\":\"BreadcrumbList\",\"@id\":\"https:\\\/\\\/www.paolochiesifoundation.org\\\/es\\\/politica-de-privacidad\\\/#breadcrumb\",\"itemListElement\":[{\"@type\":\"ListItem\",\"position\":1,\"name\":\"Home\",\"item\":\"https:\\\/\\\/www.paolochiesifoundation.org\\\/es\\\/\"},{\"@type\":\"ListItem\",\"position\":2,\"name\":\"Pol\u00edtica de privacidad\"}]},{\"@type\":\"WebSite\",\"@id\":\"https:\\\/\\\/www.paolochiesifoundation.org\\\/es\\\/#website\",\"url\":\"https:\\\/\\\/www.paolochiesifoundation.org\\\/es\\\/\",\"name\":\"Paolo Chiesi Foundation\",\"description\":\"La salute \u00e8 un diritto di tutti\",\"publisher\":{\"@id\":\"https:\\\/\\\/www.paolochiesifoundation.org\\\/es\\\/#organization\"},\"potentialAction\":[{\"@type\":\"SearchAction\",\"target\":{\"@type\":\"EntryPoint\",\"urlTemplate\":\"https:\\\/\\\/www.paolochiesifoundation.org\\\/es\\\/?s={search_term_string}\"},\"query-input\":{\"@type\":\"PropertyValueSpecification\",\"valueRequired\":true,\"valueName\":\"search_term_string\"}}],\"inLanguage\":\"es\"},{\"@type\":\"Organization\",\"@id\":\"https:\\\/\\\/www.paolochiesifoundation.org\\\/es\\\/#organization\",\"name\":\"Fundaci\u00f3n Paolo Chiesi\",\"url\":\"https:\\\/\\\/www.paolochiesifoundation.org\\\/es\\\/\",\"logo\":{\"@type\":\"ImageObject\",\"inLanguage\":\"es\",\"@id\":\"https:\\\/\\\/www.paolochiesifoundation.org\\\/es\\\/#\\\/schema\\\/logo\\\/image\\\/\",\"url\":\"https:\\\/\\\/www.paolochiesifoundation.org\\\/wp-content\\\/uploads\\\/2025\\\/09\\\/PCF-logo-pos-e1758787716100.png\",\"contentUrl\":\"https:\\\/\\\/www.paolochiesifoundation.org\\\/wp-content\\\/uploads\\\/2025\\\/09\\\/PCF-logo-pos-e1758787716100.png\",\"width\":1815,\"height\":1145,\"caption\":\"Fundaci\u00f3n Paolo Chiesi\"},\"image\":{\"@id\":\"https:\\\/\\\/www.paolochiesifoundation.org\\\/es\\\/#\\\/schema\\\/logo\\\/image\\\/\"},\"sameAs\":[\"https:\\\/\\\/www.facebook.com\\\/Chiesi.Foundation\\\/\",\"https:\\\/\\\/www.linkedin.com\\\/company\\\/chiesi-foundation\"]}]}<\/script>\n<!-- \/ Yoast SEO plugin. -->","yoast_head_json":{"title":"Pol\u00edtica de privacidad - Paolo Chiesi Foundation","robots":{"index":"index","follow":"follow","max-snippet":"max-snippet:-1","max-image-preview":"max-image-preview:large","max-video-preview":"max-video-preview:-1"},"canonical":"https:\/\/www.paolochiesifoundation.org\/es\/politica-de-privacidad\/","og_locale":"es_ES","og_type":"article","og_title":"Pol\u00edtica de privacidad - Paolo Chiesi Foundation","og_url":"https:\/\/www.paolochiesifoundation.org\/es\/politica-de-privacidad\/","og_site_name":"Paolo Chiesi Foundation","article_publisher":"https:\/\/www.facebook.com\/Chiesi.Foundation\/","article_modified_time":"2026-02-19T08:08:39+00:00","og_image":[{"width":1815,"height":1145,"url":"https:\/\/www.paolochiesifoundation.org\/wp-content\/uploads\/2025\/09\/PCF-logo-pos-e1758787716100.png","type":"image\/png"}],"twitter_card":"summary_large_image","twitter_misc":{"Tiempo de lectura":"6 minutos"},"schema":{"@context":"https:\/\/schema.org","@graph":[{"@type":"WebPage","@id":"https:\/\/www.paolochiesifoundation.org\/es\/politica-de-privacidad\/","url":"https:\/\/www.paolochiesifoundation.org\/es\/politica-de-privacidad\/","name":"Pol\u00edtica de privacidad - Paolo Chiesi Foundation","isPartOf":{"@id":"https:\/\/www.paolochiesifoundation.org\/es\/#website"},"datePublished":"2022-10-04T08:18:00+00:00","dateModified":"2026-02-19T08:08:39+00:00","breadcrumb":{"@id":"https:\/\/www.paolochiesifoundation.org\/es\/politica-de-privacidad\/#breadcrumb"},"inLanguage":"es","potentialAction":[{"@type":"ReadAction","target":["https:\/\/www.paolochiesifoundation.org\/es\/politica-de-privacidad\/"]}]},{"@type":"BreadcrumbList","@id":"https:\/\/www.paolochiesifoundation.org\/es\/politica-de-privacidad\/#breadcrumb","itemListElement":[{"@type":"ListItem","position":1,"name":"Home","item":"https:\/\/www.paolochiesifoundation.org\/es\/"},{"@type":"ListItem","position":2,"name":"Pol\u00edtica de privacidad"}]},{"@type":"WebSite","@id":"https:\/\/www.paolochiesifoundation.org\/es\/#website","url":"https:\/\/www.paolochiesifoundation.org\/es\/","name":"Paolo Chiesi Foundation","description":"La salute \u00e8 un diritto di tutti","publisher":{"@id":"https:\/\/www.paolochiesifoundation.org\/es\/#organization"},"potentialAction":[{"@type":"SearchAction","target":{"@type":"EntryPoint","urlTemplate":"https:\/\/www.paolochiesifoundation.org\/es\/?s={search_term_string}"},"query-input":{"@type":"PropertyValueSpecification","valueRequired":true,"valueName":"search_term_string"}}],"inLanguage":"es"},{"@type":"Organization","@id":"https:\/\/www.paolochiesifoundation.org\/es\/#organization","name":"Fundaci\u00f3n Paolo Chiesi","url":"https:\/\/www.paolochiesifoundation.org\/es\/","logo":{"@type":"ImageObject","inLanguage":"es","@id":"https:\/\/www.paolochiesifoundation.org\/es\/#\/schema\/logo\/image\/","url":"https:\/\/www.paolochiesifoundation.org\/wp-content\/uploads\/2025\/09\/PCF-logo-pos-e1758787716100.png","contentUrl":"https:\/\/www.paolochiesifoundation.org\/wp-content\/uploads\/2025\/09\/PCF-logo-pos-e1758787716100.png","width":1815,"height":1145,"caption":"Fundaci\u00f3n Paolo Chiesi"},"image":{"@id":"https:\/\/www.paolochiesifoundation.org\/es\/#\/schema\/logo\/image\/"},"sameAs":["https:\/\/www.facebook.com\/Chiesi.Foundation\/","https:\/\/www.linkedin.com\/company\/chiesi-foundation"]}]}},"_links":{"self":[{"href":"https:\/\/www.paolochiesifoundation.org\/es\/wp-json\/wp\/v2\/pages\/7295","targetHints":{"allow":["GET"]}}],"collection":[{"href":"https:\/\/www.paolochiesifoundation.org\/es\/wp-json\/wp\/v2\/pages"}],"about":[{"href":"https:\/\/www.paolochiesifoundation.org\/es\/wp-json\/wp\/v2\/types\/page"}],"author":[{"embeddable":true,"href":"https:\/\/www.paolochiesifoundation.org\/es\/wp-json\/wp\/v2\/users\/1"}],"replies":[{"embeddable":true,"href":"https:\/\/www.paolochiesifoundation.org\/es\/wp-json\/wp\/v2\/comments?post=7295"}],"version-history":[{"count":18,"href":"https:\/\/www.paolochiesifoundation.org\/es\/wp-json\/wp\/v2\/pages\/7295\/revisions"}],"predecessor-version":[{"id":16330,"href":"https:\/\/www.paolochiesifoundation.org\/es\/wp-json\/wp\/v2\/pages\/7295\/revisions\/16330"}],"wp:attachment":[{"href":"https:\/\/www.paolochiesifoundation.org\/es\/wp-json\/wp\/v2\/media?parent=7295"}],"curies":[{"name":"wp","href":"https:\/\/api.w.org\/{rel}","templated":true}]}}