{"id":7075,"date":"2022-10-04T08:25:07","date_gmt":"2022-10-04T08:25:07","guid":{"rendered":"https:\/\/www.chiesifoundation.org\/terminos-de-uso\/"},"modified":"2026-02-19T08:17:07","modified_gmt":"2026-02-19T08:17:07","slug":"terminos-de-uso","status":"publish","type":"page","link":"https:\/\/www.paolochiesifoundation.org\/es\/terminos-de-uso\/","title":{"rendered":"T\u00e9rminos de Uso"},"content":{"rendered":"<div class=\"fusion-fullwidth fullwidth-box fusion-builder-row-1 fusion-flex-container has-pattern-background has-mask-background nonhundred-percent-fullwidth non-hundred-percent-height-scrolling\" style=\"--awb-border-radius-top-left:0px;--awb-border-radius-top-right:0px;--awb-border-radius-bottom-right:0px;--awb-border-radius-bottom-left:0px;--awb-flex-wrap:wrap;\" ><div class=\"fusion-builder-row fusion-row fusion-flex-align-items-flex-start fusion-flex-content-wrap\" style=\"max-width:1216.8px;margin-left: calc(-4% \/ 2 );margin-right: calc(-4% \/ 2 );\"><div class=\"fusion-layout-column fusion_builder_column fusion-builder-column-0 fusion_builder_column_1_1 1_1 fusion-flex-column\" style=\"--awb-bg-size:cover;--awb-width-large:100%;--awb-margin-top-large:45px;--awb-spacing-right-large:1.92%;--awb-margin-bottom-large:20px;--awb-spacing-left-large:1.92%;--awb-width-medium:100%;--awb-order-medium:0;--awb-spacing-right-medium:1.92%;--awb-spacing-left-medium:1.92%;--awb-width-small:100%;--awb-order-small:0;--awb-spacing-right-small:1.92%;--awb-spacing-left-small:1.92%;\"><div class=\"fusion-column-wrapper fusion-column-has-shadow fusion-flex-justify-content-flex-start fusion-content-layout-column\"><div class=\"fusion-text fusion-text-1\"><p>La Fundaci\u00f3n Paolo Chiesi es propietaria del sitio web. La Fundaci\u00f3n Paolo Chiesi podr\u00e1, a su entera discreci\u00f3n, modificar o enmendar estas Condiciones de Uso en cualquier momento actualizando esta p\u00e1gina. <\/p>\n<p>Nos adherimos al est\u00e1ndar HONcode para la confiabilidad de la informaci\u00f3n m\u00e9dica. Nos adherimos al est\u00e1ndar HONcode para la confiabilidad de la informaci\u00f3n m\u00e9dica.<\/p>\n<p><b>Principios de honcode<\/b><\/p>\n<p><b>Principio 1<\/b><\/p>\n<p>Cualquier informaci\u00f3n m\u00e9dica proporcionada y alojada por el sitio ser\u00e1 escrita \u00fanicamente por expertos m\u00e9dicos y profesionales calificados, a menos que una declaraci\u00f3n expl\u00edcita no especifique que alguna informaci\u00f3n proviene de personas u organizaciones no m\u00e9dicas.<\/p>\n<p><b>Principio 2<\/b><\/p>\n<p>La informaci\u00f3n proporcionada en este sitio no debe considerarse asesoramiento profesional ni un sustituto del consejo m\u00e9dico.<br \/> El sitio tiene como objetivo promover la investigaci\u00f3n cient\u00edfica y difundir el conocimiento biom\u00e9dico, apoyar a j\u00f3venes investigadores, desarrollar proyectos de transferencia de conocimiento a pa\u00edses en desarrollo y apoyar proyectos de solidaridad con asociaciones de pacientes afectados por enfermedades raras.<\/p>\n<p>El sitio est\u00e1 dirigido a un p\u00fablico amplio: pacientes, familiares, personal m\u00e9dico y cient\u00edfico y cualquier persona interesada en recibir informaci\u00f3n sobre las patolog\u00edas en estudio y las iniciativas promovidas por la Fundaci\u00f3n Paolo Chiesi.<\/p>\n<p><b>Principio 3<\/b><\/p>\n<p>La informaci\u00f3n personal sobre pacientes y visitantes del sitio, incluida la identidad, es confidencial. El administrador del sitio se compromete por su honor a respetar las condiciones legales de confidencialidad de la informaci\u00f3n m\u00e9dica de conformidad con las leyes del pa\u00eds donde se encuentran el servidor y los sitios espejo.<\/p>\n<p><b>Principio 4<\/b><\/p>\n<p>El origen de la informaci\u00f3n difundida debe ir acompa\u00f1ado de referencias expl\u00edcitas y, si es posible, de enlaces a estos datos. La fecha de la \u00faltima actualizaci\u00f3n debe aparecer claramente en la p\u00e1gina (por ejemplo, en la parte inferior de cada p\u00e1gina).<\/p>\n<p><b>Principio 5<\/b><\/p>\n<p>El sitio web no contiene declaraciones relacionadas con tratamientos m\u00e9dicos espec\u00edficos, productos comerciales u otros servicios.<\/p>\n<p><b>Principio 6<\/b><\/p>\n<p>Los creadores del sitio se esforzar\u00e1n por proporcionar informaci\u00f3n lo m\u00e1s clara posible y proporcionar\u00e1n una direcci\u00f3n en la que los usuarios puedan solicitar m\u00e1s detalles o asistencia; esta direcci\u00f3n de correo electr\u00f3nico es claramente visible en las p\u00e1ginas del sitio.<\/p>\n<p><b>Principio 7<\/b><\/p>\n<p>La creaci\u00f3n del sitio est\u00e1 \u00edntegramente financiada por la Fundaci\u00f3n; el sitio no se financia a trav\u00e9s de banners o espacios publicitarios de empresas p\u00fablicas o privadas.<\/p>\n<p><b>Principio 8<\/b><\/p>\n<p>El sitio no acepta anuncios de empresas p\u00fablicas o privadas externas; los espacios publicitarios \/ banners presentes se refieren a iniciativas, actividades o proyectos promovidos directamente por la Fundaci\u00f3n o por sus socios.<\/p>\n<\/div><\/div><\/div><\/div><\/div>\n","protected":false},"excerpt":{"rendered":"","protected":false},"author":1,"featured_media":0,"parent":0,"menu_order":0,"comment_status":"closed","ping_status":"closed","template":"100-width.php","meta":{"footnotes":""},"class_list":["post-7075","page","type-page","status-publish","hentry"],"yoast_head":"<!-- This site is optimized with the Yoast SEO plugin v27.5 - https:\/\/yoast.com\/product\/yoast-seo-wordpress\/ -->\n<title>T\u00e9rminos de Uso - Paolo Chiesi Foundation<\/title>\n<meta name=\"robots\" content=\"index, follow, max-snippet:-1, max-image-preview:large, max-video-preview:-1\" \/>\n<link rel=\"canonical\" href=\"https:\/\/www.paolochiesifoundation.org\/es\/terminos-de-uso\/\" \/>\n<meta property=\"og:locale\" content=\"es_ES\" \/>\n<meta property=\"og:type\" content=\"article\" \/>\n<meta property=\"og:title\" content=\"T\u00e9rminos de Uso - Paolo Chiesi Foundation\" \/>\n<meta property=\"og:url\" content=\"https:\/\/www.paolochiesifoundation.org\/es\/terminos-de-uso\/\" \/>\n<meta property=\"og:site_name\" content=\"Paolo Chiesi Foundation\" \/>\n<meta property=\"article:publisher\" content=\"https:\/\/www.facebook.com\/Chiesi.Foundation\/\" \/>\n<meta property=\"article:modified_time\" content=\"2026-02-19T08:17:07+00:00\" \/>\n<meta property=\"og:image\" content=\"https:\/\/www.paolochiesifoundation.org\/wp-content\/uploads\/2025\/09\/PCF-logo-pos-e1758787716100.png\" \/>\n\t<meta property=\"og:image:width\" content=\"1815\" \/>\n\t<meta property=\"og:image:height\" content=\"1145\" \/>\n\t<meta property=\"og:image:type\" content=\"image\/png\" \/>\n<meta name=\"twitter:card\" content=\"summary_large_image\" \/>\n<meta name=\"twitter:label1\" content=\"Tiempo de lectura\" \/>\n\t<meta name=\"twitter:data1\" content=\"5 minutos\" \/>\n<script type=\"application\/ld+json\" class=\"yoast-schema-graph\">{\"@context\":\"https:\\\/\\\/schema.org\",\"@graph\":[{\"@type\":\"WebPage\",\"@id\":\"https:\\\/\\\/www.paolochiesifoundation.org\\\/es\\\/terminos-de-uso\\\/\",\"url\":\"https:\\\/\\\/www.paolochiesifoundation.org\\\/es\\\/terminos-de-uso\\\/\",\"name\":\"T\u00e9rminos de Uso - Paolo Chiesi Foundation\",\"isPartOf\":{\"@id\":\"https:\\\/\\\/www.paolochiesifoundation.org\\\/es\\\/#website\"},\"datePublished\":\"2022-10-04T08:25:07+00:00\",\"dateModified\":\"2026-02-19T08:17:07+00:00\",\"breadcrumb\":{\"@id\":\"https:\\\/\\\/www.paolochiesifoundation.org\\\/es\\\/terminos-de-uso\\\/#breadcrumb\"},\"inLanguage\":\"es\",\"potentialAction\":[{\"@type\":\"ReadAction\",\"target\":[\"https:\\\/\\\/www.paolochiesifoundation.org\\\/es\\\/terminos-de-uso\\\/\"]}]},{\"@type\":\"BreadcrumbList\",\"@id\":\"https:\\\/\\\/www.paolochiesifoundation.org\\\/es\\\/terminos-de-uso\\\/#breadcrumb\",\"itemListElement\":[{\"@type\":\"ListItem\",\"position\":1,\"name\":\"Home\",\"item\":\"https:\\\/\\\/www.paolochiesifoundation.org\\\/es\\\/\"},{\"@type\":\"ListItem\",\"position\":2,\"name\":\"T\u00e9rminos de Uso\"}]},{\"@type\":\"WebSite\",\"@id\":\"https:\\\/\\\/www.paolochiesifoundation.org\\\/es\\\/#website\",\"url\":\"https:\\\/\\\/www.paolochiesifoundation.org\\\/es\\\/\",\"name\":\"Paolo Chiesi Foundation\",\"description\":\"La salute \u00e8 un diritto di tutti\",\"publisher\":{\"@id\":\"https:\\\/\\\/www.paolochiesifoundation.org\\\/es\\\/#organization\"},\"potentialAction\":[{\"@type\":\"SearchAction\",\"target\":{\"@type\":\"EntryPoint\",\"urlTemplate\":\"https:\\\/\\\/www.paolochiesifoundation.org\\\/es\\\/?s={search_term_string}\"},\"query-input\":{\"@type\":\"PropertyValueSpecification\",\"valueRequired\":true,\"valueName\":\"search_term_string\"}}],\"inLanguage\":\"es\"},{\"@type\":\"Organization\",\"@id\":\"https:\\\/\\\/www.paolochiesifoundation.org\\\/es\\\/#organization\",\"name\":\"Fundaci\u00f3n Paolo Chiesi\",\"url\":\"https:\\\/\\\/www.paolochiesifoundation.org\\\/es\\\/\",\"logo\":{\"@type\":\"ImageObject\",\"inLanguage\":\"es\",\"@id\":\"https:\\\/\\\/www.paolochiesifoundation.org\\\/es\\\/#\\\/schema\\\/logo\\\/image\\\/\",\"url\":\"https:\\\/\\\/www.paolochiesifoundation.org\\\/wp-content\\\/uploads\\\/2025\\\/09\\\/PCF-logo-pos-e1758787716100.png\",\"contentUrl\":\"https:\\\/\\\/www.paolochiesifoundation.org\\\/wp-content\\\/uploads\\\/2025\\\/09\\\/PCF-logo-pos-e1758787716100.png\",\"width\":1815,\"height\":1145,\"caption\":\"Fundaci\u00f3n Paolo Chiesi\"},\"image\":{\"@id\":\"https:\\\/\\\/www.paolochiesifoundation.org\\\/es\\\/#\\\/schema\\\/logo\\\/image\\\/\"},\"sameAs\":[\"https:\\\/\\\/www.facebook.com\\\/Chiesi.Foundation\\\/\",\"https:\\\/\\\/www.linkedin.com\\\/company\\\/chiesi-foundation\"]}]}<\/script>\n<!-- \/ Yoast SEO plugin. -->","yoast_head_json":{"title":"T\u00e9rminos de Uso - Paolo Chiesi Foundation","robots":{"index":"index","follow":"follow","max-snippet":"max-snippet:-1","max-image-preview":"max-image-preview:large","max-video-preview":"max-video-preview:-1"},"canonical":"https:\/\/www.paolochiesifoundation.org\/es\/terminos-de-uso\/","og_locale":"es_ES","og_type":"article","og_title":"T\u00e9rminos de Uso - Paolo Chiesi Foundation","og_url":"https:\/\/www.paolochiesifoundation.org\/es\/terminos-de-uso\/","og_site_name":"Paolo Chiesi Foundation","article_publisher":"https:\/\/www.facebook.com\/Chiesi.Foundation\/","article_modified_time":"2026-02-19T08:17:07+00:00","og_image":[{"width":1815,"height":1145,"url":"https:\/\/www.paolochiesifoundation.org\/wp-content\/uploads\/2025\/09\/PCF-logo-pos-e1758787716100.png","type":"image\/png"}],"twitter_card":"summary_large_image","twitter_misc":{"Tiempo de lectura":"5 minutos"},"schema":{"@context":"https:\/\/schema.org","@graph":[{"@type":"WebPage","@id":"https:\/\/www.paolochiesifoundation.org\/es\/terminos-de-uso\/","url":"https:\/\/www.paolochiesifoundation.org\/es\/terminos-de-uso\/","name":"T\u00e9rminos de Uso - Paolo Chiesi Foundation","isPartOf":{"@id":"https:\/\/www.paolochiesifoundation.org\/es\/#website"},"datePublished":"2022-10-04T08:25:07+00:00","dateModified":"2026-02-19T08:17:07+00:00","breadcrumb":{"@id":"https:\/\/www.paolochiesifoundation.org\/es\/terminos-de-uso\/#breadcrumb"},"inLanguage":"es","potentialAction":[{"@type":"ReadAction","target":["https:\/\/www.paolochiesifoundation.org\/es\/terminos-de-uso\/"]}]},{"@type":"BreadcrumbList","@id":"https:\/\/www.paolochiesifoundation.org\/es\/terminos-de-uso\/#breadcrumb","itemListElement":[{"@type":"ListItem","position":1,"name":"Home","item":"https:\/\/www.paolochiesifoundation.org\/es\/"},{"@type":"ListItem","position":2,"name":"T\u00e9rminos de Uso"}]},{"@type":"WebSite","@id":"https:\/\/www.paolochiesifoundation.org\/es\/#website","url":"https:\/\/www.paolochiesifoundation.org\/es\/","name":"Paolo Chiesi Foundation","description":"La salute \u00e8 un diritto di tutti","publisher":{"@id":"https:\/\/www.paolochiesifoundation.org\/es\/#organization"},"potentialAction":[{"@type":"SearchAction","target":{"@type":"EntryPoint","urlTemplate":"https:\/\/www.paolochiesifoundation.org\/es\/?s={search_term_string}"},"query-input":{"@type":"PropertyValueSpecification","valueRequired":true,"valueName":"search_term_string"}}],"inLanguage":"es"},{"@type":"Organization","@id":"https:\/\/www.paolochiesifoundation.org\/es\/#organization","name":"Fundaci\u00f3n Paolo Chiesi","url":"https:\/\/www.paolochiesifoundation.org\/es\/","logo":{"@type":"ImageObject","inLanguage":"es","@id":"https:\/\/www.paolochiesifoundation.org\/es\/#\/schema\/logo\/image\/","url":"https:\/\/www.paolochiesifoundation.org\/wp-content\/uploads\/2025\/09\/PCF-logo-pos-e1758787716100.png","contentUrl":"https:\/\/www.paolochiesifoundation.org\/wp-content\/uploads\/2025\/09\/PCF-logo-pos-e1758787716100.png","width":1815,"height":1145,"caption":"Fundaci\u00f3n Paolo Chiesi"},"image":{"@id":"https:\/\/www.paolochiesifoundation.org\/es\/#\/schema\/logo\/image\/"},"sameAs":["https:\/\/www.facebook.com\/Chiesi.Foundation\/","https:\/\/www.linkedin.com\/company\/chiesi-foundation"]}]}},"_links":{"self":[{"href":"https:\/\/www.paolochiesifoundation.org\/es\/wp-json\/wp\/v2\/pages\/7075","targetHints":{"allow":["GET"]}}],"collection":[{"href":"https:\/\/www.paolochiesifoundation.org\/es\/wp-json\/wp\/v2\/pages"}],"about":[{"href":"https:\/\/www.paolochiesifoundation.org\/es\/wp-json\/wp\/v2\/types\/page"}],"author":[{"embeddable":true,"href":"https:\/\/www.paolochiesifoundation.org\/es\/wp-json\/wp\/v2\/users\/1"}],"replies":[{"embeddable":true,"href":"https:\/\/www.paolochiesifoundation.org\/es\/wp-json\/wp\/v2\/comments?post=7075"}],"version-history":[{"count":18,"href":"https:\/\/www.paolochiesifoundation.org\/es\/wp-json\/wp\/v2\/pages\/7075\/revisions"}],"predecessor-version":[{"id":16355,"href":"https:\/\/www.paolochiesifoundation.org\/es\/wp-json\/wp\/v2\/pages\/7075\/revisions\/16355"}],"wp:attachment":[{"href":"https:\/\/www.paolochiesifoundation.org\/es\/wp-json\/wp\/v2\/media?parent=7075"}],"curies":[{"name":"wp","href":"https:\/\/api.w.org\/{rel}","templated":true}]}}