{"id":16645,"date":"2026-02-25T14:59:33","date_gmt":"2026-02-25T14:59:33","guid":{"rendered":"https:\/\/www.paolochiesifoundation.org\/politica-de-privacidad-de-donaciones\/"},"modified":"2026-02-25T15:10:25","modified_gmt":"2026-02-25T15:10:25","slug":"politica-privacidad-donantes","status":"publish","type":"page","link":"https:\/\/www.paolochiesifoundation.org\/es\/politica-privacidad-donantes\/","title":{"rendered":"Pol\u00edtica de privacidad de donantes"},"content":{"rendered":"<div class=\"fusion-fullwidth fullwidth-box fusion-builder-row-1 fusion-flex-container has-pattern-background has-mask-background nonhundred-percent-fullwidth non-hundred-percent-height-scrolling\" style=\"--awb-border-radius-top-left:0px;--awb-border-radius-top-right:0px;--awb-border-radius-bottom-right:0px;--awb-border-radius-bottom-left:0px;--awb-flex-wrap:wrap;\" ><div class=\"fusion-builder-row fusion-row fusion-flex-align-items-flex-start fusion-flex-content-wrap\" style=\"max-width:1216.8px;margin-left: calc(-4% \/ 2 );margin-right: calc(-4% \/ 2 );\"><div class=\"fusion-layout-column fusion_builder_column fusion-builder-column-0 fusion_builder_column_1_1 1_1 fusion-flex-column\" style=\"--awb-bg-size:cover;--awb-width-large:100%;--awb-margin-top-large:45px;--awb-spacing-right-large:1.92%;--awb-margin-bottom-large:20px;--awb-spacing-left-large:1.92%;--awb-width-medium:100%;--awb-order-medium:0;--awb-spacing-right-medium:1.92%;--awb-spacing-left-medium:1.92%;--awb-width-small:100%;--awb-order-small:0;--awb-spacing-right-small:1.92%;--awb-spacing-left-small:1.92%;\"><div class=\"fusion-column-wrapper fusion-column-has-shadow fusion-flex-justify-content-flex-start fusion-content-layout-column\"><div class=\"fusion-text fusion-text-1\"><p>Con este aviso, la Fundaci\u00f3n Paolo Chiesi (\u201c<strong>Fundaci\u00f3n<\/strong>\u201d), de conformidad con lo dispuesto en el Reglamento Europeo n.\u00ba 679\/2016 (en adelante \u201c<strong>RGPD<\/strong>\u201d), desea informarle que sus Datos Personales o cualquier Dato Personal por usted proporcionado ser\u00e1n tratados por la Fundaci\u00f3n como Responsable del Tratamiento, en pleno cumplimiento de la legislaci\u00f3n vigente.<\/p>\n<p>\u201c<strong>Datos Personales<\/strong>\u201d es informaci\u00f3n de cualquier tipo, incluida la electr\u00f3nica, que permite identificar a una persona ya sea individualmente o en combinaci\u00f3n con otra informaci\u00f3n.<\/p>\n<p>Por \u201c<strong>Tratamiento de Datos Personales<\/strong>\u201d se entiende, de conformidad con el art. 4(2) del RGPD, cualquier operaci\u00f3n o conjunto de operaciones realizadas sobre Datos Personales, ya sea por procedimientos automatizados o no, como la recogida, registro, organizaci\u00f3n, conservaci\u00f3n, adaptaci\u00f3n o modificaci\u00f3n, extracci\u00f3n, consulta, utilizaci\u00f3n o difusi\u00f3n de los mismos.<\/p>\n<p>\u201c<strong>Sujeto de Datos<\/strong>\u201d significa el individuo vivo identificado o identificable al que se refieren los Datos Personales.<\/p>\n<h3><strong>1. C\u00f3mo recopilamos y utilizamos sus datos personales<\/strong><\/h3>\n<p><strong>Objetivo<\/strong><\/p>\n<p>Los datos se procesan para permitir que su donaci\u00f3n a la Fundaci\u00f3n Paolo Chiesi se complete con \u00e9xito.<\/p>\n<p><strong>Datos personales tratados<\/strong><\/p>\n<p>La Fundaci\u00f3n solo conservar\u00e1 los datos necesarios para la finalidad mencionada. En particular, se tratar\u00e1n los siguientes:<\/p>\n<p>Queda expresamente excluido el tratamiento de datos sensibles, tal como se define en el art\u00edculo 9 del RGPD (como, por ejemplo, datos de salud) y\/o datos relativos a menores. Estas categor\u00edas de datos, si el Usuario las comparte voluntariamente, se eliminar\u00e1n de inmediato.<\/p>\n<p><strong>Base legal <\/strong><\/p>\n<p><u>Cumplimiento de obligaciones contractuales<\/u>: para la finalizaci\u00f3n del contrato de Donaci\u00f3n del que es parte el Usuario Donante.<\/p>\n<h3><strong>2. C\u00f3mo compartimos sus datos personales <\/strong><\/h3>\n<p>La Fundaci\u00f3n podr\u00e1 compartir sus Datos Personales con otras empresas, organizaciones e individuos en las siguientes circunstancias:<\/p>\n<ul>\n<li>Podremos compartir sus Datos Personales con empresas pertenecientes al Grupo Chiesi, tanto en Italia como en el extranjero (incluidos pa\u00edses no pertenecientes al EEE).<\/li>\n<li><strong>Intercambio de conformidad con leyes y regulaciones<\/strong>: Podemos compartir informaci\u00f3n seg\u00fan lo requieran las leyes aplicables para abordar disputas legales o solicitudes de autoridades administrativas o judiciales.<\/li>\n<li><strong>Compartir con proveedores de servicios<\/strong>: Tambi\u00e9n podemos divulgar sus Datos Personales a empresas que prestan servicios en nuestro nombre. En concreto, sus datos se compartir\u00e1n con Rebel Idealist Inc. (DonorBox), el proveedor de la plataforma a trav\u00e9s de la cual se procesar\u00e1 su Donaci\u00f3n.<\/li>\n<\/ul>\n<p>En este \u00faltimo caso, la Fundaci\u00f3n asegurar\u00e1 la legitimidad de dicha cesi\u00f3n y celebrar\u00e1 acuerdos y\/o cl\u00e1usulas de tratamiento de datos con las empresas, organizaciones e individuos con quienes se compartir\u00e1n sus Datos Personales, exigi\u00e9ndoles que cumplan con esta pol\u00edtica y adopten medidas de seguridad adecuadas.<\/p>\n<h3><strong>3. C\u00f3mo protegemos sus datos personales <\/strong><\/h3>\n<p>La Fundaci\u00f3n otorga la m\u00e1xima importancia a la seguridad de sus Datos Personales y ha adoptado medidas de seguridad adecuadas para protegerlos contra acceso, divulgaci\u00f3n o p\u00e9rdida no autorizados.<\/p>\n<p>Para ello, la Fundaci\u00f3n adopta las siguientes medidas:<\/p>\n<ul>\n<li>Tomamos medidas razonables para garantizar que los Datos Personales recopilados sean limitados y relevantes para los fines para los que se procesan.<\/li>\n<li>Conservamos sus Datos Personales solo durante el tiempo estrictamente necesario para los fines indicados en esta pol\u00edtica, a menos que la ley requiera o permita un per\u00edodo de retenci\u00f3n m\u00e1s largo.<\/li>\n<li>Utilizamos diversas tecnolog\u00edas para garantizar la confidencialidad de los datos durante la transmisi\u00f3n. Empleamos mecanismos de protecci\u00f3n fiables para proteger los datos y los servidores de almacenamiento de posibles ataques.<\/li>\n<li>Seleccionamos cuidadosamente a nuestros socios comerciales y proveedores de servicios, exigi\u00e9ndoles que cumplan con nuestros requisitos de protecci\u00f3n de datos personales mediante cl\u00e1usulas espec\u00edficas en sus contratos. Tambi\u00e9n realizamos auditor\u00edas y otras actividades de verificaci\u00f3n para garantizar el cumplimiento de estos requisitos.<\/li>\n<li>Organizamos actividades de formaci\u00f3n, evaluaci\u00f3n e informaci\u00f3n sobre protecci\u00f3n de la privacidad y seguridad, con el fin de aumentar la conciencia de los empleados y colaboradores respecto a la protecci\u00f3n de datos personales.<\/li>\n<\/ul>\n<h3><strong>4. Almacenamiento de sus datos personales<\/strong><\/h3>\n<p>Sus Datos Personales a los que se refiere la secci\u00f3n 1) de este aviso se almacenan en los servidores de la Fundaci\u00f3n en Italia, o en los servidores de proveedores (espec\u00edficamente designados como Procesadores de Datos) dentro o fuera de la Uni\u00f3n Europea, con la adopci\u00f3n previa de todas las medidas de seguridad destinadas a garantizar una protecci\u00f3n adecuada de sus datos personales.<\/p>\n<p>Conservamos sus datos personales durante el tiempo que sea necesario para los fines establecidos en esta Pol\u00edtica de privacidad.<\/p>\n<p>Sus Datos Personales se conservar\u00e1n durante el per\u00edodo indicado anteriormente, o por un per\u00edodo m\u00e1s corto si decide ejercer alguno de los derechos enumerados en la secci\u00f3n \u201cDerechos del Titular de los Datos\u201d a continuaci\u00f3n.<\/p>\n<h3><strong>5. Derechos del interesado <\/strong><\/h3>\n<p><u>Acceso, rectificaci\u00f3n, supresi\u00f3n, portabilidad, limitaci\u00f3n del tratamiento, oposici\u00f3n al tratamiento.<\/u><\/p>\n<p>La Fundaci\u00f3n pone a disposici\u00f3n una direcci\u00f3n de correo electr\u00f3nico a la que puede dirigirse para ejercer uno de los derechos indicados anteriormente, para obtener la lista de Encargados del Tratamiento y los nombres de las partes con las que se han compartido sus datos: <a style=\"color: #85c9f0; text-decoration: underline;\" href=\"mailto:info@paolochiesifoundation.org\" target=\"_blank\" rel=\"noopener\">info@paolochiesifoundation.org<\/a>.<\/p>\n<p>Si considera que la Fundaci\u00f3n no est\u00e1 procesando sus datos de conformidad con esta pol\u00edtica o la legislaci\u00f3n aplicable, le recordamos que tiene derecho a ejercer sus derechos y presentar una reclamaci\u00f3n ante la Autoridad de Protecci\u00f3n de Datos italiana.<\/p>\n<h3><strong>El Responsable del Tratamiento de los Datos es: <\/strong><\/h3>\n<p>Fundaci\u00f3n Paolo Chiesi, con sede en Via Paradigna 131\/A 43122 \u2013 Parma<\/p>\n<\/div><\/div><\/div><\/div><\/div>\n","protected":false},"excerpt":{"rendered":"","protected":false},"author":9,"featured_media":0,"parent":0,"menu_order":0,"comment_status":"closed","ping_status":"closed","template":"100-width.php","meta":{"footnotes":""},"class_list":["post-16645","page","type-page","status-publish","hentry"],"yoast_head":"<!-- This site is optimized with the Yoast SEO plugin v27.3 - https:\/\/yoast.com\/product\/yoast-seo-wordpress\/ -->\n<title>Pol\u00edtica de privacidad de donantes - Paolo Chiesi Foundation<\/title>\n<meta name=\"robots\" content=\"index, follow, max-snippet:-1, max-image-preview:large, max-video-preview:-1\" \/>\n<link rel=\"canonical\" href=\"https:\/\/www.paolochiesifoundation.org\/es\/politica-privacidad-donantes\/\" \/>\n<meta property=\"og:locale\" content=\"es_ES\" \/>\n<meta property=\"og:type\" content=\"article\" \/>\n<meta property=\"og:title\" content=\"Pol\u00edtica de privacidad de donantes - Paolo Chiesi Foundation\" \/>\n<meta property=\"og:url\" content=\"https:\/\/www.paolochiesifoundation.org\/es\/politica-privacidad-donantes\/\" \/>\n<meta property=\"og:site_name\" content=\"Paolo Chiesi Foundation\" \/>\n<meta property=\"article:publisher\" content=\"https:\/\/www.facebook.com\/Chiesi.Foundation\/\" \/>\n<meta property=\"article:modified_time\" content=\"2026-02-25T15:10:25+00:00\" \/>\n<meta property=\"og:image\" content=\"https:\/\/www.paolochiesifoundation.org\/wp-content\/uploads\/2025\/09\/PCF-logo-pos-e1758787716100.png\" \/>\n\t<meta property=\"og:image:width\" content=\"1815\" \/>\n\t<meta property=\"og:image:height\" content=\"1145\" \/>\n\t<meta property=\"og:image:type\" content=\"image\/png\" \/>\n<meta name=\"twitter:card\" content=\"summary_large_image\" \/>\n<meta name=\"twitter:label1\" content=\"Tiempo de lectura\" \/>\n\t<meta name=\"twitter:data1\" content=\"5 minutos\" \/>\n<script type=\"application\/ld+json\" class=\"yoast-schema-graph\">{\"@context\":\"https:\\\/\\\/schema.org\",\"@graph\":[{\"@type\":\"WebPage\",\"@id\":\"https:\\\/\\\/www.paolochiesifoundation.org\\\/es\\\/politica-privacidad-donantes\\\/\",\"url\":\"https:\\\/\\\/www.paolochiesifoundation.org\\\/es\\\/politica-privacidad-donantes\\\/\",\"name\":\"Pol\u00edtica de privacidad de donantes - Paolo Chiesi Foundation\",\"isPartOf\":{\"@id\":\"https:\\\/\\\/www.paolochiesifoundation.org\\\/es\\\/#website\"},\"datePublished\":\"2026-02-25T14:59:33+00:00\",\"dateModified\":\"2026-02-25T15:10:25+00:00\",\"breadcrumb\":{\"@id\":\"https:\\\/\\\/www.paolochiesifoundation.org\\\/es\\\/politica-privacidad-donantes\\\/#breadcrumb\"},\"inLanguage\":\"es\",\"potentialAction\":[{\"@type\":\"ReadAction\",\"target\":[\"https:\\\/\\\/www.paolochiesifoundation.org\\\/es\\\/politica-privacidad-donantes\\\/\"]}]},{\"@type\":\"BreadcrumbList\",\"@id\":\"https:\\\/\\\/www.paolochiesifoundation.org\\\/es\\\/politica-privacidad-donantes\\\/#breadcrumb\",\"itemListElement\":[{\"@type\":\"ListItem\",\"position\":1,\"name\":\"Home\",\"item\":\"https:\\\/\\\/www.paolochiesifoundation.org\\\/es\\\/\"},{\"@type\":\"ListItem\",\"position\":2,\"name\":\"Pol\u00edtica de privacidad de donantes\"}]},{\"@type\":\"WebSite\",\"@id\":\"https:\\\/\\\/www.paolochiesifoundation.org\\\/es\\\/#website\",\"url\":\"https:\\\/\\\/www.paolochiesifoundation.org\\\/es\\\/\",\"name\":\"Paolo Chiesi Foundation\",\"description\":\"La salute \u00e8 un diritto di tutti\",\"publisher\":{\"@id\":\"https:\\\/\\\/www.paolochiesifoundation.org\\\/es\\\/#organization\"},\"potentialAction\":[{\"@type\":\"SearchAction\",\"target\":{\"@type\":\"EntryPoint\",\"urlTemplate\":\"https:\\\/\\\/www.paolochiesifoundation.org\\\/es\\\/?s={search_term_string}\"},\"query-input\":{\"@type\":\"PropertyValueSpecification\",\"valueRequired\":true,\"valueName\":\"search_term_string\"}}],\"inLanguage\":\"es\"},{\"@type\":\"Organization\",\"@id\":\"https:\\\/\\\/www.paolochiesifoundation.org\\\/es\\\/#organization\",\"name\":\"Fundaci\u00f3n Paolo Chiesi\",\"url\":\"https:\\\/\\\/www.paolochiesifoundation.org\\\/es\\\/\",\"logo\":{\"@type\":\"ImageObject\",\"inLanguage\":\"es\",\"@id\":\"https:\\\/\\\/www.paolochiesifoundation.org\\\/es\\\/#\\\/schema\\\/logo\\\/image\\\/\",\"url\":\"https:\\\/\\\/www.paolochiesifoundation.org\\\/wp-content\\\/uploads\\\/2025\\\/09\\\/PCF-logo-pos-e1758787716100.png\",\"contentUrl\":\"https:\\\/\\\/www.paolochiesifoundation.org\\\/wp-content\\\/uploads\\\/2025\\\/09\\\/PCF-logo-pos-e1758787716100.png\",\"width\":1815,\"height\":1145,\"caption\":\"Fundaci\u00f3n Paolo Chiesi\"},\"image\":{\"@id\":\"https:\\\/\\\/www.paolochiesifoundation.org\\\/es\\\/#\\\/schema\\\/logo\\\/image\\\/\"},\"sameAs\":[\"https:\\\/\\\/www.facebook.com\\\/Chiesi.Foundation\\\/\",\"https:\\\/\\\/www.linkedin.com\\\/company\\\/chiesi-foundation\"]}]}<\/script>\n<!-- \/ Yoast SEO plugin. -->","yoast_head_json":{"title":"Pol\u00edtica de privacidad de donantes - Paolo Chiesi Foundation","robots":{"index":"index","follow":"follow","max-snippet":"max-snippet:-1","max-image-preview":"max-image-preview:large","max-video-preview":"max-video-preview:-1"},"canonical":"https:\/\/www.paolochiesifoundation.org\/es\/politica-privacidad-donantes\/","og_locale":"es_ES","og_type":"article","og_title":"Pol\u00edtica de privacidad de donantes - Paolo Chiesi Foundation","og_url":"https:\/\/www.paolochiesifoundation.org\/es\/politica-privacidad-donantes\/","og_site_name":"Paolo Chiesi Foundation","article_publisher":"https:\/\/www.facebook.com\/Chiesi.Foundation\/","article_modified_time":"2026-02-25T15:10:25+00:00","og_image":[{"width":1815,"height":1145,"url":"https:\/\/www.paolochiesifoundation.org\/wp-content\/uploads\/2025\/09\/PCF-logo-pos-e1758787716100.png","type":"image\/png"}],"twitter_card":"summary_large_image","twitter_misc":{"Tiempo de lectura":"5 minutos"},"schema":{"@context":"https:\/\/schema.org","@graph":[{"@type":"WebPage","@id":"https:\/\/www.paolochiesifoundation.org\/es\/politica-privacidad-donantes\/","url":"https:\/\/www.paolochiesifoundation.org\/es\/politica-privacidad-donantes\/","name":"Pol\u00edtica de privacidad de donantes - Paolo Chiesi Foundation","isPartOf":{"@id":"https:\/\/www.paolochiesifoundation.org\/es\/#website"},"datePublished":"2026-02-25T14:59:33+00:00","dateModified":"2026-02-25T15:10:25+00:00","breadcrumb":{"@id":"https:\/\/www.paolochiesifoundation.org\/es\/politica-privacidad-donantes\/#breadcrumb"},"inLanguage":"es","potentialAction":[{"@type":"ReadAction","target":["https:\/\/www.paolochiesifoundation.org\/es\/politica-privacidad-donantes\/"]}]},{"@type":"BreadcrumbList","@id":"https:\/\/www.paolochiesifoundation.org\/es\/politica-privacidad-donantes\/#breadcrumb","itemListElement":[{"@type":"ListItem","position":1,"name":"Home","item":"https:\/\/www.paolochiesifoundation.org\/es\/"},{"@type":"ListItem","position":2,"name":"Pol\u00edtica de privacidad de donantes"}]},{"@type":"WebSite","@id":"https:\/\/www.paolochiesifoundation.org\/es\/#website","url":"https:\/\/www.paolochiesifoundation.org\/es\/","name":"Paolo Chiesi Foundation","description":"La salute \u00e8 un diritto di tutti","publisher":{"@id":"https:\/\/www.paolochiesifoundation.org\/es\/#organization"},"potentialAction":[{"@type":"SearchAction","target":{"@type":"EntryPoint","urlTemplate":"https:\/\/www.paolochiesifoundation.org\/es\/?s={search_term_string}"},"query-input":{"@type":"PropertyValueSpecification","valueRequired":true,"valueName":"search_term_string"}}],"inLanguage":"es"},{"@type":"Organization","@id":"https:\/\/www.paolochiesifoundation.org\/es\/#organization","name":"Fundaci\u00f3n Paolo Chiesi","url":"https:\/\/www.paolochiesifoundation.org\/es\/","logo":{"@type":"ImageObject","inLanguage":"es","@id":"https:\/\/www.paolochiesifoundation.org\/es\/#\/schema\/logo\/image\/","url":"https:\/\/www.paolochiesifoundation.org\/wp-content\/uploads\/2025\/09\/PCF-logo-pos-e1758787716100.png","contentUrl":"https:\/\/www.paolochiesifoundation.org\/wp-content\/uploads\/2025\/09\/PCF-logo-pos-e1758787716100.png","width":1815,"height":1145,"caption":"Fundaci\u00f3n Paolo Chiesi"},"image":{"@id":"https:\/\/www.paolochiesifoundation.org\/es\/#\/schema\/logo\/image\/"},"sameAs":["https:\/\/www.facebook.com\/Chiesi.Foundation\/","https:\/\/www.linkedin.com\/company\/chiesi-foundation"]}]}},"_links":{"self":[{"href":"https:\/\/www.paolochiesifoundation.org\/es\/wp-json\/wp\/v2\/pages\/16645","targetHints":{"allow":["GET"]}}],"collection":[{"href":"https:\/\/www.paolochiesifoundation.org\/es\/wp-json\/wp\/v2\/pages"}],"about":[{"href":"https:\/\/www.paolochiesifoundation.org\/es\/wp-json\/wp\/v2\/types\/page"}],"author":[{"embeddable":true,"href":"https:\/\/www.paolochiesifoundation.org\/es\/wp-json\/wp\/v2\/users\/9"}],"replies":[{"embeddable":true,"href":"https:\/\/www.paolochiesifoundation.org\/es\/wp-json\/wp\/v2\/comments?post=16645"}],"version-history":[{"count":6,"href":"https:\/\/www.paolochiesifoundation.org\/es\/wp-json\/wp\/v2\/pages\/16645\/revisions"}],"predecessor-version":[{"id":16659,"href":"https:\/\/www.paolochiesifoundation.org\/es\/wp-json\/wp\/v2\/pages\/16645\/revisions\/16659"}],"wp:attachment":[{"href":"https:\/\/www.paolochiesifoundation.org\/es\/wp-json\/wp\/v2\/media?parent=16645"}],"curies":[{"name":"wp","href":"https:\/\/api.w.org\/{rel}","templated":true}]}}